{"id":16,"date":"2020-09-03T22:12:53","date_gmt":"2020-09-03T22:12:53","guid":{"rendered":"https:\/\/seguroparapymes.com.mx\/productos\/?page_id=16"},"modified":"2020-09-07T23:38:07","modified_gmt":"2020-09-07T23:38:07","slug":"seguro-para-pymes-axa","status":"publish","type":"page","link":"https:\/\/seguroparapymes.com.mx\/productos\/seguro-para-pymes-axa\/","title":{"rendered":"Seguro para Pymes AXA"},"content":{"rendered":"<h3>Seguro para Pymes AXA<\/h3>\n<p>Planprotege Da\u00f1os es un seguro para Pymes\u00a0 de AXA que te ofrece un conjunto de coberturas dirigidas a cuidar tu patrimonio para asegurar la continuidad de tu negocio ante cualquier imprevisto, sin importar si eres propietario o arrendatario del inmueble.<\/p>\n<p>El seguro Planprotege Da\u00f1os est\u00e1 dirigido a empresas que al momento de la contrataci\u00f3n cuenten con:<\/p>\n<ul>\n<li>M\u00e1ximo 250 empleados.<\/li>\n<li>Un valor asegurable m\u00e1ximo entre el inmueble y sus contenidos (mercanc\u00edas, mobiliario, equipo electr\u00f3nico fijo y\/o port\u00e1til, maquinaria y calderas) de $40\u2019000,000 de pesos o su equivalente en d\u00f3lares entre todas sus ubicaciones.<\/li>\n<\/ul>\n<h4>Coberturas del Seguro para Pymes AXA<\/h4>\n<p>Est\u00e1 integrado por 5 m\u00f3dulos los cuales te ofrecen diferentes coberturas:<\/p>\n<ul>\n<li>Da\u00f1os Materiales.<\/li>\n<li>Robo de Bienes.<\/li>\n<li>Responsabilidad Civil.<\/li>\n<li>Transporte de Mercanc\u00edas.<\/li>\n<li>Gastos y P\u00e9rdidas Adicionales.<\/li>\n<\/ul>\n<p>Para contratar Planprotege Da\u00f1os, es necesario incluir al menos dos m\u00f3dulos. El m\u00f3dulo Da\u00f1os Materiales para da\u00f1os en edificios contenidos. El m\u00f3dulo de Gastos y Perdidas Adicionales s\u00f3lo puede contratarse como adicional a los dos m\u00f3dulos m\u00ednimos.<\/p>\n<p>El seguro Planprotege Da\u00f1os de AXA es vers\u00e1til porque se enfoca en cubrir los diferentes riesgos a los que se encuentra expuesto tu negocio y te permite seleccionar los m\u00f3dulos que mejor se adaptan a tus necesidades. Adem\u00e1s, te da la opci\u00f3n de elegir entre diferentes modalidades de contrataci\u00f3n (a partir de la segunda etapa del producto y para las coberturas que aplique), escoger el monto m\u00ednimo de reclamaci\u00f3n y porcentaje de coaseguro, as\u00ed como la forma y frecuencia de pago.<\/p>\n<h4>\u00bfPor qu\u00e9 necesito el Seguro para Pymes AXA?<\/h4>\n<p>Proteger tu inversi\u00f3n es esencial para el buen funcionamiento y crecimiento de tu empresa. El seguro Planprotege Da\u00f1os respalda tu inversi\u00f3n y permite la continuidad de tu negocio.<\/p>\n<p>Los due\u00f1os de peque\u00f1as y medianas empresas invierten gran parte de su patrimonio familiar en \u00e9stas, pero s\u00f3lo 5% lo tiene asegurado. Los peque\u00f1os y medianos negocios generan m\u00e1s del 70% de los empleos formales en nuestro pa\u00eds.<\/p>\n<p><strong>*Fuentes:<\/strong> Asociaci\u00f3n Mexicana de Instituciones de Seguros (AMIS) y Secretar\u00eda de Econom\u00eda.<\/p>\n<p>Para mayor informaci\u00f3n puedes ver el siguiente <a href=\"https:\/\/seguroparapymes.com.mx\/folletos\/negocios_axa.pdf\"><strong>FOLLETO<\/strong><\/a><\/p>\n<h4>\u00bfC\u00f3mo y d\u00f3nde puedo contratar el Seguro para Pymes AXA?<\/h4>\n<p>Puedes llenar el formulario que aparece en la parte inferior y nos comunicaremos contigo.<\/p>\n<p>Conoceremos tus necesidades particulares de protecci\u00f3n, te proporcionaremos la informaci\u00f3n sobre los distintos productos que respondan a ellas y te presentaremos las ofertas de las distintas Aseguradoras de las que somos agentes para que puedas seleccionar la mejor opci\u00f3n.<\/p>\n<p>Para cualquier otro tipo de seguro que necesites visita nuestra p\u00e1gina\u00a0<a href=\"https:\/\/proventum.com.mx\/\">www.proventum.com.mx<\/a><\/p>\n<link rel=\"stylesheet\" type=\"text\/css\" href=\"https:\/\/proventum.info\/forms\/css\/forms.css\"><script src=\"https:\/\/www.google.com\/recaptcha\/api.js\"><\/script><script src=\"https:\/\/ajax.googleapis.com\/ajax\/libs\/jquery\/2.1.1\/jquery.min.js\"><\/script><script type=\"text\/javascript\" src=\"https:\/\/proventum.info\/forms\/js\/origen.js\"><\/script><br> <form class=\"forms\" id=\"cotizacion_form\" method=\"POST\" action=\"https:\/\/seguroparapymes.com.mx\/productos\/enviar\/\" id=\"Cotizacion\"><div class=\"contenedor\"><div class=\"full-w\"><p>1.- SELECCIONA EL PRODUCTO DEL QUE SOLICITAS COTIZACI\u00d3N<\/p><select class=\"form-control form-control-lg\" name=\"Seguro\" required><option value=\"Seguro de Accidentes Personales Grupo\">Seguro de Accidentes Personales Grupo<\/option> <option value=\"Seguro de Gastos Medicos Mayores Grupo\">Seguro de Gastos M\u00e9dicos Mayores Grupo<\/option> <option value=\"Seguro para Pymes MAPFRE\">Seguro para Pymes MAPFRE<\/option> <option value=\"Seguro para Pymes AXA\">Seguro para Pymes AXA<\/option> <option value=\"Seguro para Pymes Zurich\">Seguro para Pymes Zurich<\/option> <option value=\"Seguro para Pymes ABA\">Seguro para Pymes ABA<\/option> <option value=\"Seguro de Vida Pymes Insignia Life\">Seguro de Vida Pymes Insignia Life<\/option> <option value=\"Seguro Pyme Consultorios Medicos\">Seguro Pyme Consultorios M\u00e9dicos<\/option> <option value=\"Seguro Pyme para Restaurantes\">Seguro Pyme para Restaurantes<\/option> <option value=\"Seguro Pyme para Gasolineras\">Seguro Pyme para Gasolineras<\/option> <option value=\"Seguro contra Fraudes Pymes AIG\">Seguro contra Fraudes Pymes AIG<\/option> <option value=\"Seguro AIG para Pymes\">Seguro AIG para Pymes<\/option> <option value=\"ARGOS Seguro de Vida Grupo\">ARGOS Seguro de Vida Grupo<\/option> <option value=\"Seguro GMX de Responsabilidad Civil\">Seguro GMX de Responsabilidad Civil<\/option> <option value=\"Seguro Pyme para Transporte\">Seguro Pyme para Transporte<\/option><option value=\"Otros\">Otros<\/option><\/select><\/div><div class=\"full-w\"> <p>2.- DATOS PARA CONTACTO<\/p> <div class=\"mitad-w\"> <input name=\"Nombre\" type=\"text\" class=\"form-control\" id=\"nombre\" placeholder=\"Nombre(s)\" required> <\/div> <div class=\"mitad-w\"> <input name=\"Apellidos\" type=\"text\" class=\"form-control\" id=\"Apellidos\" placeholder=\"Apellidos\" required> <\/div><\/div><div class=\"full-w\"> <div class=\"mitad-w\"> <input name=\"Direccion\" type=\"text\" class=\"form-control\" id=\"direccion\" placeholder=\"Direcci\u00f3n\" required> <\/div> <div class=\"mitad-w\"> <input name=\"Ciudad\" type=\"text\" class=\"form-control\" id=\"Ciudad\" placeholder=\"Ciudad Y Estado\" required> <\/div><\/div><div class=\"full-w\"> <div class=\"mitad-w\"> <input name=\"Tel\" type=\"text\" class=\"form-control\" id=\"Tel\" placeholder=\"Tel\u00e9fono Fijo\" required> <\/div> <div class=\"mitad-w\"> <input name=\"Movil\" type=\"text\" class=\"form-control\" id=\"Movil\" placeholder=\"Tel\u00e9fono M\u00f3vil\" required> <\/div> <div class=\"mitad-w\"> <input type=\"email\" class=\"form-control\" id=\"Email\" placeholder=\"Email\" name=\"Email\" required> <\/div><\/div><div class=\"full-w\"> <p>3.- DATOS DE LA EMPRESA<\/p> <div class=\"mitad-w\"> <input name=\"Empresa\" type=\"text\" class=\"form-control\" id=\"Empresa\" placeholder=\"Empresa\" required> <\/div> <div class=\"mitad-w\"> <input name=\"Actividad\" type=\"text\" class=\"form-control\" id=\"Actividad\" placeholder=\"Actividad\" required> <\/div><\/div> <div class=\"full-w\"> <p>4.- COMENTARIOS<\/p> <textarea class=\"text-a\" id=\"Comentarios\" contenedors=\"3\" name=\"Comentarios\"><\/textarea> <input type=\"hidden\" name=\"Origen\" id=\"Origen\" required readonly=\"readonly\"> <p>*Al enviar este formulario Usted acepta nuestra <a href=\"https:\/\/seguroderesponsabilidadcivil.com.mx\/politica-de-privacidad\/\" target=\"_blank\">POL\u00cdTICA DE PRIVACIDAD<\/a><\/p> <div class=\"g-recaptcha\" data-sitekey=\"6LfraQkTAAAAACYQ-IEM0qbYLmf47Ju7Nzho1Ns0\"><\/div> <input class=\"btn-lg btn btn-outline-danger\" type=\"submit\" name=\"Enviar Solicitud\"><\/input> <\/div><\/div><\/form>\n","protected":false},"excerpt":{"rendered":"<p>Seguro para Pymes AXA Planprotege Da\u00f1os es un seguro para Pymes\u00a0 de AXA que te ofrece un conjunto de coberturas dirigidas a cuidar tu patrimonio para asegurar la continuidad de tu negocio ante cualquier imprevisto, sin importar si eres propietario&#8230; <a class=\"more-link\" href=\"https:\/\/seguroparapymes.com.mx\/productos\/seguro-para-pymes-axa\/\">Seguir leyendo &rarr;<\/a><\/p>\n","protected":false},"author":1,"featured_media":141,"parent":0,"menu_order":0,"comment_status":"closed","ping_status":"closed","template":"template-nosidebar.php","meta":[],"yoast_head":"<!-- This site is optimized with the Yoast SEO plugin v15.6.2 - https:\/\/yoast.com\/wordpress\/plugins\/seo\/ -->\n<title>Seguro para Pymes AXA - Seguro Para Pymes<\/title>\n<meta name=\"description\" content=\"Conoce las caracter\u00edsticas y cobrturas del Seguro para Pymes AXA y cotiza y contrata a trav\u00e9s de Proventum Agente de Seguros y de Fianzas\" \/>\n<meta name=\"robots\" content=\"index, follow, max-snippet:-1, max-image-preview:large, max-video-preview:-1\" \/>\n<link rel=\"canonical\" href=\"https:\/\/seguroparapymes.com.mx\/productos\/seguro-para-pymes-axa\/\" \/>\n<meta property=\"og:locale\" content=\"es_ES\" \/>\n<meta property=\"og:type\" content=\"article\" \/>\n<meta property=\"og:title\" content=\"Seguro para Pymes AXA - Seguro Para Pymes\" \/>\n<meta property=\"og:description\" content=\"Conoce las caracter\u00edsticas y cobrturas del Seguro para Pymes AXA y cotiza y contrata a trav\u00e9s de Proventum Agente de Seguros y de Fianzas\" \/>\n<meta property=\"og:url\" content=\"https:\/\/seguroparapymes.com.mx\/productos\/seguro-para-pymes-axa\/\" \/>\n<meta property=\"og:site_name\" content=\"Seguro Para Pymes\" \/>\n<meta property=\"article:modified_time\" content=\"2020-09-07T23:38:07+00:00\" \/>\n<meta property=\"og:image\" content=\"https:\/\/seguroparapymes.com.mx\/productos\/wp-content\/uploads\/2020\/09\/Seguro-para-pymes-axa-opt.jpg\" \/>\n\t<meta property=\"og:image:width\" content=\"800\" \/>\n\t<meta property=\"og:image:height\" content=\"533\" \/>\n<meta name=\"twitter:card\" content=\"summary_large_image\" \/>\n<meta name=\"twitter:label1\" content=\"Tiempo de lectura\">\n\t<meta name=\"twitter:data1\" content=\"2 minutos\">\n<script type=\"application\/ld+json\" class=\"yoast-schema-graph\">{\"@context\":\"https:\/\/schema.org\",\"@graph\":[{\"@type\":\"WebSite\",\"@id\":\"https:\/\/seguroparapymes.com.mx\/productos\/#website\",\"url\":\"https:\/\/seguroparapymes.com.mx\/productos\/\",\"name\":\"Seguro Para Pymes\",\"description\":\"\",\"potentialAction\":[{\"@type\":\"SearchAction\",\"target\":\"https:\/\/seguroparapymes.com.mx\/productos\/?s={search_term_string}\",\"query-input\":\"required name=search_term_string\"}],\"inLanguage\":\"es\"},{\"@type\":\"ImageObject\",\"@id\":\"https:\/\/seguroparapymes.com.mx\/productos\/seguro-para-pymes-axa\/#primaryimage\",\"inLanguage\":\"es\",\"url\":\"https:\/\/seguroparapymes.com.mx\/productos\/wp-content\/uploads\/2020\/09\/Seguro-para-pymes-axa-opt.jpg\",\"width\":800,\"height\":533,\"caption\":\"Seguro para Pymes AXA\"},{\"@type\":\"WebPage\",\"@id\":\"https:\/\/seguroparapymes.com.mx\/productos\/seguro-para-pymes-axa\/#webpage\",\"url\":\"https:\/\/seguroparapymes.com.mx\/productos\/seguro-para-pymes-axa\/\",\"name\":\"Seguro para Pymes AXA - Seguro Para Pymes\",\"isPartOf\":{\"@id\":\"https:\/\/seguroparapymes.com.mx\/productos\/#website\"},\"primaryImageOfPage\":{\"@id\":\"https:\/\/seguroparapymes.com.mx\/productos\/seguro-para-pymes-axa\/#primaryimage\"},\"datePublished\":\"2020-09-03T22:12:53+00:00\",\"dateModified\":\"2020-09-07T23:38:07+00:00\",\"description\":\"Conoce las caracter\\u00edsticas y cobrturas del Seguro para Pymes AXA y cotiza y contrata a trav\\u00e9s de Proventum Agente de Seguros y de Fianzas\",\"inLanguage\":\"es\",\"potentialAction\":[{\"@type\":\"ReadAction\",\"target\":[\"https:\/\/seguroparapymes.com.mx\/productos\/seguro-para-pymes-axa\/\"]}]}]}<\/script>\n<!-- \/ Yoast SEO plugin. -->","_links":{"self":[{"href":"https:\/\/seguroparapymes.com.mx\/productos\/wp-json\/wp\/v2\/pages\/16"}],"collection":[{"href":"https:\/\/seguroparapymes.com.mx\/productos\/wp-json\/wp\/v2\/pages"}],"about":[{"href":"https:\/\/seguroparapymes.com.mx\/productos\/wp-json\/wp\/v2\/types\/page"}],"author":[{"embeddable":true,"href":"https:\/\/seguroparapymes.com.mx\/productos\/wp-json\/wp\/v2\/users\/1"}],"replies":[{"embeddable":true,"href":"https:\/\/seguroparapymes.com.mx\/productos\/wp-json\/wp\/v2\/comments?post=16"}],"version-history":[{"count":6,"href":"https:\/\/seguroparapymes.com.mx\/productos\/wp-json\/wp\/v2\/pages\/16\/revisions"}],"predecessor-version":[{"id":175,"href":"https:\/\/seguroparapymes.com.mx\/productos\/wp-json\/wp\/v2\/pages\/16\/revisions\/175"}],"wp:featuredmedia":[{"embeddable":true,"href":"https:\/\/seguroparapymes.com.mx\/productos\/wp-json\/wp\/v2\/media\/141"}],"wp:attachment":[{"href":"https:\/\/seguroparapymes.com.mx\/productos\/wp-json\/wp\/v2\/media?parent=16"}],"curies":[{"name":"wp","href":"https:\/\/api.w.org\/{rel}","templated":true}]}}