{"id":183,"date":"2020-09-09T20:47:36","date_gmt":"2020-09-09T20:47:36","guid":{"rendered":"https:\/\/seguroparapymes.com.mx\/productos\/?page_id=183"},"modified":"2020-10-12T20:01:32","modified_gmt":"2020-10-12T20:01:32","slug":"inicio-2","status":"publish","type":"page","link":"https:\/\/seguroparapymes.com.mx\/productos\/","title":{"rendered":"Seguros para Pymes en M\u00e9xico"},"content":{"rendered":"<h3>Seguros para Pymes en M\u00e9xico<\/h3>\n<p>Existen diversos Seguros para Pymes en M\u00e9xico, que buscan proteger al empresario de los diversos riesgos a los que est\u00e1 expuesto al desarrollar su actividad.<\/p>\n<p>A continuaci\u00f3n te detallamos algunas de las p\u00f3lizas que podr\u00e1s cotizar y tramitar la contrataci\u00f3n a trav\u00e9s de esta p\u00e1gina de Proventum, Agente de Seguros y de Fianzas.<\/p>\n<h4>P\u00f3liza Empresarial para Pymes<\/h4>\n<p>La P\u00f3liza empresarial es un seguro para pymes en M\u00e9xico que es integral para la protecci\u00f3n de las peque\u00f1as y medianas empresas, siendo \u00e9stas de comercio y servicios y agrupa una serie de coberturas y servicios en una sola p\u00f3liza.<\/p>\n<p>Algunas opciones disponibles son las siguientes:<\/p>\n<p><a href=\"https:\/\/seguroparapymes.com.mx\/productos\/segupyme-mapfre-seguro-para-pymes\/\">Segupyme Mapfre<\/a><\/p>\n<p><a href=\"https:\/\/seguroparapymes.com.mx\/productos\/seguro-zurich-para-pymes\/\">Seguro Zurich para Pymes<\/a><\/p>\n<p><a href=\"https:\/\/seguroparapymes.com.mx\/productos\/seguro-para-empresas-aba-chubb\/\">Seguro para Empresas ABA CHUBB<\/a><\/p>\n<p><a href=\"https:\/\/seguroparapymes.com.mx\/productos\/seguro-aig-para-pymes\/\">Seguro AIG para Pymes<\/a><\/p>\n<h4>Seguros para Pymes en M\u00e9xico.- P\u00f3lizas especiales<\/h4>\n<p>Existen otros productos desarrollados por las Aseguradoras para cubrir actividades espec\u00edficas entre los que se encuentran:<\/p>\n<p><a href=\"https:\/\/seguroparapymes.com.mx\/productos\/seguro-sura-para-restaurantes\/\">Seguro Sura para Restaurantes<\/a><\/p>\n<p><a href=\"https:\/\/seguroparapymes.com.mx\/productos\/seguro-sura-para-consultorios-medicos\/\">Seguro Sura para Consultorios M\u00e9dicos<\/a><\/p>\n<p><a href=\"https:\/\/seguroparapymes.com.mx\/productos\/seguro-sura-para-gasolineras\/\">Seguro Sura para Gasolineras<\/a><\/p>\n<h4>Seguro de Vida Grupo para Pymes<\/h4>\n<p>El Seguro de Vida Grupo es una cobertura temporal a un a\u00f1o renovable, que protege a cada integrante del Grupo Asegurable y que se activa en caso de que ocurra cualquiera de los eventos amparados o los beneficios adicionales que en su caso se contraten para ellos.<\/p>\n<p>Ejemplo de este tipo de seguro son:<\/p>\n<p><a href=\"https:\/\/seguroparapymes.com.mx\/productos\/argos-seguro-de-vida-grupo\/\">Argos Seguro de Vida Grupo<\/a><\/p>\n<p><a href=\"https:\/\/seguroparapymes.com.mx\/productos\/seguro-de-vida-para-pymes-insignia-life\/\">Seguro de Vida para Pymes Insignia Life<\/a><\/p>\n<h4>Otras P\u00f3lizas disponibles para Pymes<\/h4>\n<p>A continuaci\u00f3n puedes conocer de otros seguros que est\u00e1n a disposici\u00f3n de las Pymes en M\u00e9xico:<\/p>\n<p><a href=\"https:\/\/seguroparapymes.com.mx\/productos\/seguro-de-transporte-para-pymes\/\">Seguro de Transporte para Pymes<\/a><\/p>\n<p><a href=\"https:\/\/seguroparapymes.com.mx\/productos\/seguro-gmx-de-responsabilidad-civil\/\">Seguro de Responsabilidad Civil para Pymes<\/a><\/p>\n<p><a href=\"https:\/\/seguroparapymes.com.mx\/productos\/seguro-aig-actos-fraudulentos-de-empleados\/\">Seguro AIG de Actos fraudulentos de Empleados<\/a><\/p>\n<h4>C\u00f3mo y d\u00f3nde puedo contratar un Seguro para Pymes en M\u00e9xico?<\/h4>\n<p>Puedes llenar el formulario que aparece en la parte inferior y nos comunicaremos contigo.<\/p>\n<p>Conoceremos tus necesidades particulares de protecci\u00f3n, te proporcionaremos la informaci\u00f3n sobre los distintos productos que respondan a ellas y te presentaremos las ofertas de las distintas Aseguradoras de las que somos agentes para que puedas seleccionar la mejor opci\u00f3n.<\/p>\n<p>Para la contrataci\u00f3n de otro tipo de seguro que requieras para t\u00ed o tu empresa, visita\u00a0<a href=\"http:\/\/proventum.com.mx\/\">www.proventum.com.mx<\/a><\/p>\n<link rel=\"stylesheet\" type=\"text\/css\" href=\"https:\/\/proventum.info\/forms\/css\/forms.css\"><script src=\"https:\/\/www.google.com\/recaptcha\/api.js\"><\/script><script src=\"https:\/\/ajax.googleapis.com\/ajax\/libs\/jquery\/2.1.1\/jquery.min.js\"><\/script><script type=\"text\/javascript\" src=\"https:\/\/proventum.info\/forms\/js\/origen.js\"><\/script><br> <form class=\"forms\" id=\"cotizacion_form\" method=\"POST\" action=\"https:\/\/seguroparapymes.com.mx\/productos\/enviar\/\" id=\"Cotizacion\"><div class=\"contenedor\"><div class=\"full-w\"><p>1.- SELECCIONA EL PRODUCTO DEL QUE SOLICITAS COTIZACI\u00d3N<\/p><select class=\"form-control form-control-lg\" name=\"Seguro\" required><option value=\"Seguro de Accidentes Personales Grupo\">Seguro de Accidentes Personales Grupo<\/option> <option value=\"Seguro de Gastos Medicos Mayores Grupo\">Seguro de Gastos M\u00e9dicos Mayores Grupo<\/option> <option value=\"Seguro para Pymes MAPFRE\">Seguro para Pymes MAPFRE<\/option> <option value=\"Seguro para Pymes AXA\">Seguro para Pymes AXA<\/option> <option value=\"Seguro para Pymes Zurich\">Seguro para Pymes Zurich<\/option> <option value=\"Seguro para Pymes ABA\">Seguro para Pymes ABA<\/option> <option value=\"Seguro de Vida Pymes Insignia Life\">Seguro de Vida Pymes Insignia Life<\/option> <option value=\"Seguro Pyme Consultorios Medicos\">Seguro Pyme Consultorios M\u00e9dicos<\/option> <option value=\"Seguro Pyme para Restaurantes\">Seguro Pyme para Restaurantes<\/option> <option value=\"Seguro Pyme para Gasolineras\">Seguro Pyme para Gasolineras<\/option> <option value=\"Seguro contra Fraudes Pymes AIG\">Seguro contra Fraudes Pymes AIG<\/option> <option value=\"Seguro AIG para Pymes\">Seguro AIG para Pymes<\/option> <option value=\"ARGOS Seguro de Vida Grupo\">ARGOS Seguro de Vida Grupo<\/option> <option value=\"Seguro GMX de Responsabilidad Civil\">Seguro GMX de Responsabilidad Civil<\/option> <option value=\"Seguro Pyme para Transporte\">Seguro Pyme para Transporte<\/option><option value=\"Otros\">Otros<\/option><\/select><\/div><div class=\"full-w\"> <p>2.- DATOS PARA CONTACTO<\/p> <div class=\"mitad-w\"> <input name=\"Nombre\" type=\"text\" class=\"form-control\" id=\"nombre\" placeholder=\"Nombre(s)\" required> <\/div> <div class=\"mitad-w\"> <input name=\"Apellidos\" type=\"text\" class=\"form-control\" id=\"Apellidos\" placeholder=\"Apellidos\" required> <\/div><\/div><div class=\"full-w\"> <div class=\"mitad-w\"> <input name=\"Direccion\" type=\"text\" class=\"form-control\" id=\"direccion\" placeholder=\"Direcci\u00f3n\" required> <\/div> <div class=\"mitad-w\"> <input name=\"Ciudad\" type=\"text\" class=\"form-control\" id=\"Ciudad\" placeholder=\"Ciudad Y Estado\" required> <\/div><\/div><div class=\"full-w\"> <div class=\"mitad-w\"> <input name=\"Tel\" type=\"text\" class=\"form-control\" id=\"Tel\" placeholder=\"Tel\u00e9fono Fijo\" required> <\/div> <div class=\"mitad-w\"> <input name=\"Movil\" type=\"text\" class=\"form-control\" id=\"Movil\" placeholder=\"Tel\u00e9fono M\u00f3vil\" required> <\/div> <div class=\"mitad-w\"> <input type=\"email\" class=\"form-control\" id=\"Email\" placeholder=\"Email\" name=\"Email\" required> <\/div><\/div><div class=\"full-w\"> <p>3.- DATOS DE LA EMPRESA<\/p> <div class=\"mitad-w\"> <input name=\"Empresa\" type=\"text\" class=\"form-control\" id=\"Empresa\" placeholder=\"Empresa\" required> <\/div> <div class=\"mitad-w\"> <input name=\"Actividad\" type=\"text\" class=\"form-control\" id=\"Actividad\" placeholder=\"Actividad\" required> <\/div><\/div> <div class=\"full-w\"> <p>4.- COMENTARIOS<\/p> <textarea class=\"text-a\" id=\"Comentarios\" contenedors=\"3\" name=\"Comentarios\"><\/textarea> <input type=\"hidden\" name=\"Origen\" id=\"Origen\" required readonly=\"readonly\"> <p>*Al enviar este formulario Usted acepta nuestra <a href=\"https:\/\/seguroderesponsabilidadcivil.com.mx\/politica-de-privacidad\/\" target=\"_blank\">POL\u00cdTICA DE PRIVACIDAD<\/a><\/p> <div class=\"g-recaptcha\" data-sitekey=\"6LfraQkTAAAAACYQ-IEM0qbYLmf47Ju7Nzho1Ns0\"><\/div> <input class=\"btn-lg btn btn-outline-danger\" type=\"submit\" name=\"Enviar Solicitud\"><\/input> <\/div><\/div><\/form>\n","protected":false},"excerpt":{"rendered":"<p>Seguros para Pymes en M\u00e9xico Existen diversos Seguros para Pymes en M\u00e9xico, que buscan proteger al empresario de los diversos riesgos a los que est\u00e1 expuesto al desarrollar su actividad. A continuaci\u00f3n te detallamos algunas de las p\u00f3lizas que podr\u00e1s&#8230; <a class=\"more-link\" href=\"https:\/\/seguroparapymes.com.mx\/productos\/\">Seguir leyendo &rarr;<\/a><\/p>\n","protected":false},"author":1,"featured_media":192,"parent":0,"menu_order":0,"comment_status":"closed","ping_status":"closed","template":"template-nosidebar.php","meta":[],"yoast_head":"<!-- This site is optimized with the Yoast SEO plugin v15.6.2 - https:\/\/yoast.com\/wordpress\/plugins\/seo\/ -->\n<title>Seguros para Pymes en M\u00e9xico - Seguro Para Pymes<\/title>\n<meta name=\"description\" content=\"Conoce los Seguros para Pymes en M\u00e9xico, disponibles en diversas aseguradoras y cotiza y contrata a trav\u00e9s de Proventum Agente de Seguros\" \/>\n<meta name=\"robots\" content=\"index, follow, max-snippet:-1, max-image-preview:large, max-video-preview:-1\" \/>\n<link rel=\"canonical\" href=\"https:\/\/seguroparapymes.com.mx\/productos\/\" \/>\n<meta property=\"og:locale\" content=\"es_ES\" \/>\n<meta property=\"og:type\" content=\"article\" \/>\n<meta property=\"og:title\" content=\"Seguros para Pymes en M\u00e9xico - Seguro Para Pymes\" \/>\n<meta property=\"og:description\" content=\"Conoce los Seguros para Pymes en M\u00e9xico, disponibles en diversas aseguradoras y cotiza y contrata a trav\u00e9s de Proventum Agente de Seguros\" \/>\n<meta property=\"og:url\" content=\"https:\/\/seguroparapymes.com.mx\/productos\/\" \/>\n<meta property=\"og:site_name\" content=\"Seguro Para Pymes\" \/>\n<meta property=\"article:modified_time\" content=\"2020-10-12T20:01:32+00:00\" \/>\n<meta property=\"og:image\" content=\"https:\/\/seguroparapymes.com.mx\/productos\/wp-content\/uploads\/2020\/10\/Seguro-para-Pymes-en-Mexico-Opt.jpg\" \/>\n\t<meta property=\"og:image:width\" content=\"800\" \/>\n\t<meta property=\"og:image:height\" content=\"533\" \/>\n<meta name=\"twitter:card\" content=\"summary_large_image\" \/>\n<meta name=\"twitter:label1\" content=\"Tiempo de lectura\">\n\t<meta name=\"twitter:data1\" content=\"2 minutos\">\n<script type=\"application\/ld+json\" class=\"yoast-schema-graph\">{\"@context\":\"https:\/\/schema.org\",\"@graph\":[{\"@type\":\"WebSite\",\"@id\":\"https:\/\/seguroparapymes.com.mx\/productos\/#website\",\"url\":\"https:\/\/seguroparapymes.com.mx\/productos\/\",\"name\":\"Seguro Para Pymes\",\"description\":\"\",\"potentialAction\":[{\"@type\":\"SearchAction\",\"target\":\"https:\/\/seguroparapymes.com.mx\/productos\/?s={search_term_string}\",\"query-input\":\"required name=search_term_string\"}],\"inLanguage\":\"es\"},{\"@type\":\"ImageObject\",\"@id\":\"https:\/\/seguroparapymes.com.mx\/productos\/#primaryimage\",\"inLanguage\":\"es\",\"url\":\"https:\/\/seguroparapymes.com.mx\/productos\/wp-content\/uploads\/2020\/10\/Seguro-para-Pymes-en-Mexico-Opt.jpg\",\"width\":800,\"height\":533,\"caption\":\"Seguro para Pymes en M\\u00e9xico\"},{\"@type\":\"WebPage\",\"@id\":\"https:\/\/seguroparapymes.com.mx\/productos\/#webpage\",\"url\":\"https:\/\/seguroparapymes.com.mx\/productos\/\",\"name\":\"Seguros para Pymes en M\\u00e9xico - Seguro Para Pymes\",\"isPartOf\":{\"@id\":\"https:\/\/seguroparapymes.com.mx\/productos\/#website\"},\"primaryImageOfPage\":{\"@id\":\"https:\/\/seguroparapymes.com.mx\/productos\/#primaryimage\"},\"datePublished\":\"2020-09-09T20:47:36+00:00\",\"dateModified\":\"2020-10-12T20:01:32+00:00\",\"description\":\"Conoce los Seguros para Pymes en M\\u00e9xico, disponibles en diversas aseguradoras y cotiza y contrata a trav\\u00e9s de Proventum Agente de Seguros\",\"inLanguage\":\"es\",\"potentialAction\":[{\"@type\":\"ReadAction\",\"target\":[\"https:\/\/seguroparapymes.com.mx\/productos\/\"]}]}]}<\/script>\n<!-- \/ Yoast SEO plugin. -->","_links":{"self":[{"href":"https:\/\/seguroparapymes.com.mx\/productos\/wp-json\/wp\/v2\/pages\/183"}],"collection":[{"href":"https:\/\/seguroparapymes.com.mx\/productos\/wp-json\/wp\/v2\/pages"}],"about":[{"href":"https:\/\/seguroparapymes.com.mx\/productos\/wp-json\/wp\/v2\/types\/page"}],"author":[{"embeddable":true,"href":"https:\/\/seguroparapymes.com.mx\/productos\/wp-json\/wp\/v2\/users\/1"}],"replies":[{"embeddable":true,"href":"https:\/\/seguroparapymes.com.mx\/productos\/wp-json\/wp\/v2\/comments?post=183"}],"version-history":[{"count":7,"href":"https:\/\/seguroparapymes.com.mx\/productos\/wp-json\/wp\/v2\/pages\/183\/revisions"}],"predecessor-version":[{"id":194,"href":"https:\/\/seguroparapymes.com.mx\/productos\/wp-json\/wp\/v2\/pages\/183\/revisions\/194"}],"wp:featuredmedia":[{"embeddable":true,"href":"https:\/\/seguroparapymes.com.mx\/productos\/wp-json\/wp\/v2\/media\/192"}],"wp:attachment":[{"href":"https:\/\/seguroparapymes.com.mx\/productos\/wp-json\/wp\/v2\/media?parent=183"}],"curies":[{"name":"wp","href":"https:\/\/api.w.org\/{rel}","templated":true}]}}