{"id":25,"date":"2020-09-03T22:33:41","date_gmt":"2020-09-03T22:33:41","guid":{"rendered":"https:\/\/seguroparapymes.com.mx\/productos\/?page_id=25"},"modified":"2020-09-07T23:30:17","modified_gmt":"2020-09-07T23:30:17","slug":"seguro-de-vida-para-pymes-insignia-life","status":"publish","type":"page","link":"https:\/\/seguroparapymes.com.mx\/productos\/seguro-de-vida-para-pymes-insignia-life\/","title":{"rendered":"Seguro de Vida para Pymes Insignia Life"},"content":{"rendered":"<h3>Seguro de Vida para Pymes Insignia Life<\/h3>\n<p>Seguro de Vida PyMES es el seguro de Insignia Life que permite a las peque\u00f1as y medianas empresas acceder a los beneficios del seguro que antes s\u00f3lo ten\u00edan las grandes compa\u00f1\u00edas, con el objetivo de proteger econ\u00f3micamente a los familiares de tus empleados en caso de fallecimiento.<\/p>\n<p>Ofrece a tus empleados un incentivo que les brinde seguridad, confianza y genere fidelidad a tu proyecto.<\/p>\n<p>Seguro PyMES es una excelente prestaci\u00f3n que brindar\u00e1 a tu empleado la tranquilidad de saber que si llegara a fallecer, su familia estar\u00e1 econ\u00f3micamente protegida.<\/p>\n<h4>Caracter\u00edsticas del Seguro de Vida para Pymes de Insignia Life<\/h4>\n<ul>\n<li>Seguro de vida especial para grupos.<\/li>\n<li>El grupo deber\u00e1 estar conformado por al menos 2 personas.<\/li>\n<li>El plazo de contrataci\u00f3n es de 5 a\u00f1os.<\/li>\n<li>Edades de aceptaci\u00f3n de 18 a 70 a\u00f1os.<\/li>\n<li>Tarifas accesibles y sin distinci\u00f3n de g\u00e9nero.<\/li>\n<li>Sin monto m\u00ednimo de prima, ni de suma asegurada.<\/li>\n<li>Contrataci\u00f3n en moneda nacional.<\/li>\n<li>Pago mensual, trimestral o semestral con ajuste anual.<\/li>\n<li>En caso de fallecimiento del asegurado durante el plazo contratado, sus beneficiarios recibir\u00e1n la suma asegurada en una exhibici\u00f3n, o bien, fraccionada a lo largo del per\u00edodo que consideren m\u00e1s conveniente.<\/li>\n<\/ul>\n<h4>Beneficios del Seguro de Vida para Pymes de Insignia Life<\/h4>\n<ul>\n<li><strong>Posibilidad de hacerlo deducible de impuestos<\/strong>, seg\u00fan lo establecido por la\u00a0<strong>Ley del Impuesto Sobre la Renta<\/strong>.<\/li>\n<li>Podr\u00e1s ofrecer a tus empleados una prestaci\u00f3n superior a las de la ley que le agregue valor a tu empresa.<\/li>\n<li>Esta prestaci\u00f3n siembra en los empleados un sentimiento de confianza, motivaci\u00f3n y fidelidad hacia su trabajo, lo cual propicia la productividad laboral.<\/li>\n<li>Tu empresa transmitir\u00e1 una imagen de responsabilidad y consciencia social.<\/li>\n<li>Tus empleados vivir\u00e1n con la tranquilidad de saber que si llegaran a fallecer, sus seres queridos recibir\u00e1n apoyo econ\u00f3mico.<\/li>\n<li>En caso de fallecimiento, Insignia Life otorgar\u00e1 a tus beneficiarios un anticipo del 30% de la suma asegurada o 1,500 d\u00edas de salario m\u00ednimo Zona A, lo que resulte menor, para hacer frente a gastos inmediatos.<\/li>\n<\/ul>\n<h4>Coberturas Adicionales<\/h4>\n<p>Sin importar la suma asegurada contratada, con tu seguro Insignia Life puedes adquirir con un costo adicional las siguientes coberturas:<\/p>\n<div class=\"textDescript\">\n<ul>\n<li><strong>Muerte Accidental: <\/strong>adicionalmente a la suma asegurada, si el fallecimiento ocurriera a causa de un accidente, entregamos a tus beneficiarios la cantidad contratada por esta cobertura.<\/li>\n<li><strong>Indemnizaci\u00f3n por Muerte Accidental o P\u00e9rdida de Miembros: <\/strong>cubre dos posibles situaciones, fallecimiento a causa de un accidente, o bien, la p\u00e9rdida de ciertos miembros. En cualquiera de estos casos, Insignia Life entregar\u00e1 adicionalmente a la suma asegurada, la cantidad contratada por esta cobertura.<\/li>\n<li><strong>Exenci\u00f3n de pago de primas por invalidez total y permanente: <\/strong>en caso de sufrir invalidez total y permanente, Insignia Life te absuelve del pago de tu seguro y contin\u00faas protegido durante el plazo contratado.<\/li>\n<li><strong>Suma asegurada por invalidez total y permanente: <\/strong>si la invalidez es declarada total y permanente, te haremos entrega de la suma asegurada contratada.<\/li>\n<\/ul>\n<h4>\u00bfC\u00f3mo y d\u00f3nde puedo contratar e\u00f1 Seguro de Vida para Pymes de Insignia Life?<\/h4>\n<p>Puedes llenar el formulario que aparece en la parte inferior y nos comunicaremos contigo.<\/p>\n<p>Conoceremos tus necesidades particulares de protecci\u00f3n, te proporcionaremos la informaci\u00f3n sobre los distintos productos que respondan a ellas y te presentaremos las ofertas de las distintas Aseguradoras de las que somos agentes para que puedas seleccionar la mejor opci\u00f3n.<\/p>\n<p>Para la contrataci\u00f3n de otro tipo de seguro que requieras para t\u00ed o tu empresa, visita\u00a0<a href=\"http:\/\/proventum.com.mx\/\">www.proventum.com.mx<\/a><\/p>\n<link rel=\"stylesheet\" type=\"text\/css\" href=\"https:\/\/proventum.info\/forms\/css\/forms.css\"><script src=\"https:\/\/www.google.com\/recaptcha\/api.js\"><\/script><script src=\"https:\/\/ajax.googleapis.com\/ajax\/libs\/jquery\/2.1.1\/jquery.min.js\"><\/script><script type=\"text\/javascript\" src=\"https:\/\/proventum.info\/forms\/js\/origen.js\"><\/script><br> <form class=\"forms\" id=\"cotizacion_form\" method=\"POST\" action=\"https:\/\/seguroparapymes.com.mx\/productos\/enviar\/\" id=\"Cotizacion\"><div class=\"contenedor\"><div class=\"full-w\"><p>1.- SELECCIONA EL PRODUCTO DEL QUE SOLICITAS COTIZACI\u00d3N<\/p><select class=\"form-control form-control-lg\" name=\"Seguro\" required><option value=\"Seguro de Accidentes Personales Grupo\">Seguro de Accidentes Personales Grupo<\/option> <option value=\"Seguro de Gastos Medicos Mayores Grupo\">Seguro de Gastos M\u00e9dicos Mayores Grupo<\/option> <option value=\"Seguro para Pymes MAPFRE\">Seguro para Pymes MAPFRE<\/option> <option value=\"Seguro para Pymes AXA\">Seguro para Pymes AXA<\/option> <option value=\"Seguro para Pymes Zurich\">Seguro para Pymes Zurich<\/option> <option value=\"Seguro para Pymes ABA\">Seguro para Pymes ABA<\/option> <option value=\"Seguro de Vida Pymes Insignia Life\">Seguro de Vida Pymes Insignia Life<\/option> <option value=\"Seguro Pyme Consultorios Medicos\">Seguro Pyme Consultorios M\u00e9dicos<\/option> <option value=\"Seguro Pyme para Restaurantes\">Seguro Pyme para Restaurantes<\/option> <option value=\"Seguro Pyme para Gasolineras\">Seguro Pyme para Gasolineras<\/option> <option value=\"Seguro contra Fraudes Pymes AIG\">Seguro contra Fraudes Pymes AIG<\/option> <option value=\"Seguro AIG para Pymes\">Seguro AIG para Pymes<\/option> <option value=\"ARGOS Seguro de Vida Grupo\">ARGOS Seguro de Vida Grupo<\/option> <option value=\"Seguro GMX de Responsabilidad Civil\">Seguro GMX de Responsabilidad Civil<\/option> <option value=\"Seguro Pyme para Transporte\">Seguro Pyme para Transporte<\/option><option value=\"Otros\">Otros<\/option><\/select><\/div><div class=\"full-w\"> <p>2.- DATOS PARA CONTACTO<\/p> <div class=\"mitad-w\"> <input name=\"Nombre\" type=\"text\" class=\"form-control\" id=\"nombre\" placeholder=\"Nombre(s)\" required> <\/div> <div class=\"mitad-w\"> <input name=\"Apellidos\" type=\"text\" class=\"form-control\" id=\"Apellidos\" placeholder=\"Apellidos\" required> <\/div><\/div><div class=\"full-w\"> <div class=\"mitad-w\"> <input name=\"Direccion\" type=\"text\" class=\"form-control\" id=\"direccion\" placeholder=\"Direcci\u00f3n\" required> <\/div> <div class=\"mitad-w\"> <input name=\"Ciudad\" type=\"text\" class=\"form-control\" id=\"Ciudad\" placeholder=\"Ciudad Y Estado\" required> <\/div><\/div><div class=\"full-w\"> <div class=\"mitad-w\"> <input name=\"Tel\" type=\"text\" class=\"form-control\" id=\"Tel\" placeholder=\"Tel\u00e9fono Fijo\" required> <\/div> <div class=\"mitad-w\"> <input name=\"Movil\" type=\"text\" class=\"form-control\" id=\"Movil\" placeholder=\"Tel\u00e9fono M\u00f3vil\" required> <\/div> <div class=\"mitad-w\"> <input type=\"email\" class=\"form-control\" id=\"Email\" placeholder=\"Email\" name=\"Email\" required> <\/div><\/div><div class=\"full-w\"> <p>3.- DATOS DE LA EMPRESA<\/p> <div class=\"mitad-w\"> <input name=\"Empresa\" type=\"text\" class=\"form-control\" id=\"Empresa\" placeholder=\"Empresa\" required> <\/div> <div class=\"mitad-w\"> <input name=\"Actividad\" type=\"text\" class=\"form-control\" id=\"Actividad\" placeholder=\"Actividad\" required> <\/div><\/div> <div class=\"full-w\"> <p>4.- COMENTARIOS<\/p> <textarea class=\"text-a\" id=\"Comentarios\" contenedors=\"3\" name=\"Comentarios\"><\/textarea> <input type=\"hidden\" name=\"Origen\" id=\"Origen\" required readonly=\"readonly\"> <p>*Al enviar este formulario Usted acepta nuestra <a href=\"https:\/\/seguroderesponsabilidadcivil.com.mx\/politica-de-privacidad\/\" target=\"_blank\">POL\u00cdTICA DE PRIVACIDAD<\/a><\/p> <div class=\"g-recaptcha\" data-sitekey=\"6LfraQkTAAAAACYQ-IEM0qbYLmf47Ju7Nzho1Ns0\"><\/div> <input class=\"btn-lg btn btn-outline-danger\" type=\"submit\" name=\"Enviar Solicitud\"><\/input> <\/div><\/div><\/form>\n","protected":false},"excerpt":{"rendered":"<p>Seguro de Vida para Pymes Insignia Life Seguro de Vida PyMES es el seguro de Insignia Life que permite a las peque\u00f1as y medianas empresas acceder a los beneficios del seguro que antes s\u00f3lo ten\u00edan las grandes compa\u00f1\u00edas, con el&#8230; <a class=\"more-link\" href=\"https:\/\/seguroparapymes.com.mx\/productos\/seguro-de-vida-para-pymes-insignia-life\/\">Seguir leyendo &rarr;<\/a><\/p>\n","protected":false},"author":1,"featured_media":91,"parent":0,"menu_order":0,"comment_status":"closed","ping_status":"closed","template":"template-nosidebar.php","meta":[],"yoast_head":"<!-- This site is optimized with the Yoast SEO plugin v15.6.2 - https:\/\/yoast.com\/wordpress\/plugins\/seo\/ -->\n<title>Seguro de Vida para Pymes Insignia Life - Seguro Para Pymes<\/title>\n<meta name=\"description\" content=\"Conoce las caracter\u00edsticas del seguro de vida para pymes Insignia Life . Cotiza y contrata a trav\u00e9s de Proventum Agente de Seguros y de Fianzas\" \/>\n<meta name=\"robots\" content=\"index, follow, max-snippet:-1, max-image-preview:large, max-video-preview:-1\" \/>\n<link rel=\"canonical\" href=\"https:\/\/seguroparapymes.com.mx\/productos\/seguro-de-vida-para-pymes-insignia-life\/\" \/>\n<meta property=\"og:locale\" content=\"es_ES\" \/>\n<meta property=\"og:type\" content=\"article\" \/>\n<meta property=\"og:title\" content=\"Seguro de Vida para Pymes Insignia Life - Seguro Para Pymes\" \/>\n<meta property=\"og:description\" content=\"Conoce las caracter\u00edsticas del seguro de vida para pymes Insignia Life . Cotiza y contrata a trav\u00e9s de Proventum Agente de Seguros y de Fianzas\" \/>\n<meta property=\"og:url\" content=\"https:\/\/seguroparapymes.com.mx\/productos\/seguro-de-vida-para-pymes-insignia-life\/\" \/>\n<meta property=\"og:site_name\" content=\"Seguro Para Pymes\" \/>\n<meta property=\"article:modified_time\" content=\"2020-09-07T23:30:17+00:00\" \/>\n<meta property=\"og:image\" content=\"https:\/\/seguroparapymes.com.mx\/productos\/wp-content\/uploads\/2020\/09\/Seguro-para-Pymes-6-1.jpg\" \/>\n\t<meta property=\"og:image:width\" content=\"800\" \/>\n\t<meta property=\"og:image:height\" content=\"533\" \/>\n<meta name=\"twitter:card\" content=\"summary_large_image\" \/>\n<meta name=\"twitter:label1\" content=\"Tiempo de lectura\">\n\t<meta name=\"twitter:data1\" content=\"3 minutos\">\n<script type=\"application\/ld+json\" class=\"yoast-schema-graph\">{\"@context\":\"https:\/\/schema.org\",\"@graph\":[{\"@type\":\"WebSite\",\"@id\":\"https:\/\/seguroparapymes.com.mx\/productos\/#website\",\"url\":\"https:\/\/seguroparapymes.com.mx\/productos\/\",\"name\":\"Seguro Para Pymes\",\"description\":\"\",\"potentialAction\":[{\"@type\":\"SearchAction\",\"target\":\"https:\/\/seguroparapymes.com.mx\/productos\/?s={search_term_string}\",\"query-input\":\"required name=search_term_string\"}],\"inLanguage\":\"es\"},{\"@type\":\"ImageObject\",\"@id\":\"https:\/\/seguroparapymes.com.mx\/productos\/seguro-de-vida-para-pymes-insignia-life\/#primaryimage\",\"inLanguage\":\"es\",\"url\":\"https:\/\/seguroparapymes.com.mx\/productos\/wp-content\/uploads\/2020\/09\/Seguro-para-Pymes-6-1.jpg\",\"width\":800,\"height\":533,\"caption\":\"Seguro de Vida para Pymes Insignia Life\"},{\"@type\":\"WebPage\",\"@id\":\"https:\/\/seguroparapymes.com.mx\/productos\/seguro-de-vida-para-pymes-insignia-life\/#webpage\",\"url\":\"https:\/\/seguroparapymes.com.mx\/productos\/seguro-de-vida-para-pymes-insignia-life\/\",\"name\":\"Seguro de Vida para Pymes Insignia Life - Seguro Para Pymes\",\"isPartOf\":{\"@id\":\"https:\/\/seguroparapymes.com.mx\/productos\/#website\"},\"primaryImageOfPage\":{\"@id\":\"https:\/\/seguroparapymes.com.mx\/productos\/seguro-de-vida-para-pymes-insignia-life\/#primaryimage\"},\"datePublished\":\"2020-09-03T22:33:41+00:00\",\"dateModified\":\"2020-09-07T23:30:17+00:00\",\"description\":\"Conoce las caracter\\u00edsticas del seguro de vida para pymes Insignia Life . Cotiza y contrata a trav\\u00e9s de Proventum Agente de Seguros y de Fianzas\",\"inLanguage\":\"es\",\"potentialAction\":[{\"@type\":\"ReadAction\",\"target\":[\"https:\/\/seguroparapymes.com.mx\/productos\/seguro-de-vida-para-pymes-insignia-life\/\"]}]}]}<\/script>\n<!-- \/ Yoast SEO plugin. -->","_links":{"self":[{"href":"https:\/\/seguroparapymes.com.mx\/productos\/wp-json\/wp\/v2\/pages\/25"}],"collection":[{"href":"https:\/\/seguroparapymes.com.mx\/productos\/wp-json\/wp\/v2\/pages"}],"about":[{"href":"https:\/\/seguroparapymes.com.mx\/productos\/wp-json\/wp\/v2\/types\/page"}],"author":[{"embeddable":true,"href":"https:\/\/seguroparapymes.com.mx\/productos\/wp-json\/wp\/v2\/users\/1"}],"replies":[{"embeddable":true,"href":"https:\/\/seguroparapymes.com.mx\/productos\/wp-json\/wp\/v2\/comments?post=25"}],"version-history":[{"count":7,"href":"https:\/\/seguroparapymes.com.mx\/productos\/wp-json\/wp\/v2\/pages\/25\/revisions"}],"predecessor-version":[{"id":171,"href":"https:\/\/seguroparapymes.com.mx\/productos\/wp-json\/wp\/v2\/pages\/25\/revisions\/171"}],"wp:featuredmedia":[{"embeddable":true,"href":"https:\/\/seguroparapymes.com.mx\/productos\/wp-json\/wp\/v2\/media\/91"}],"wp:attachment":[{"href":"https:\/\/seguroparapymes.com.mx\/productos\/wp-json\/wp\/v2\/media?parent=25"}],"curies":[{"name":"wp","href":"https:\/\/api.w.org\/{rel}","templated":true}]}}