{"id":29,"date":"2020-09-03T22:35:59","date_gmt":"2020-09-03T22:35:59","guid":{"rendered":"https:\/\/seguroparapymes.com.mx\/productos\/?page_id=29"},"modified":"2020-09-07T23:37:52","modified_gmt":"2020-09-07T23:37:52","slug":"seguro-sura-para-gasolineras","status":"publish","type":"page","link":"https:\/\/seguroparapymes.com.mx\/productos\/seguro-sura-para-gasolineras\/","title":{"rendered":"Seguro Sura para Gasolineras"},"content":{"rendered":"<h3>Seguro Sura para Gasolineras<\/h3>\n<p>El seguro Sura para Gasolineras es una p\u00f3liza con m\u00faltiples beneficios que cubre la construcci\u00f3n material del edificio y los contenidos que se tienen, el da\u00f1o financiero consecuencial, los da\u00f1os por los que el asegurado sea civilmente responsable por el uso y operaci\u00f3n de un restaurante, entre otras, en una p\u00f3liza m\u00faltiple empresarial dise\u00f1ada para Restaurantes.<\/p>\n<p>Caracter\u00edsticas:<\/p>\n<ul>\n<li>Moneda Pesos o D\u00f3lares.<\/li>\n<li>Temporalidad Anual.<\/li>\n<li>Forma de pago Anual, semestral y trimestral.<\/li>\n<li>Tipo de indemnizaci\u00f3n Valor real o valor de reposici\u00f3n<\/li>\n<\/ul>\n<h4>Coberturas del Seguro Sura para Gasolineras<\/h4>\n<ul>\n<li>INCENDIO EDIFICIO Y\/O CONTENIDOS<\/li>\n<li>REMOCI\u00d3N DE ESCOMBROS<\/li>\n<li>P\u00c9RDIDAS CONSECUENCIALES<\/li>\n<li>ROBO DE CONTENIDOS<\/li>\n<li>DINERO Y VALORES<\/li>\n<li>ROTURA DE CRISTALES<\/li>\n<li>ANUNCIOS LUMINOSOS<\/li>\n<li>DA\u00d1OS A EQUIPO ELECTR\u00d3NICO<\/li>\n<li>RESPONSABILIDAD CIVIL GENERAL<\/li>\n<li>RESPONSABILIDAD CIVIL ARRENDATARIO<\/li>\n<li>RESPONSABILIDAD CIVIL ESTACIONAMIENTO<\/li>\n<li>RESPONSABILIDAD CIVIL POR PRODUCTOS EN M\u00c9XICO (POR LA VENTA DE ALIMENTOS)<\/li>\n<li>DA\u00d1OS A CALDERAS Y RECIPIENTES SUJETOS A PRESI\u00d3N<\/li>\n<li>ROTURA DE MAQUINARIA<\/li>\n<\/ul>\n<h4><strong>Coberturas Adicionales del Seguro Sura para Gasolineras<\/strong><\/h4>\n<ul>\n<li><strong>Cobertura para bienes contenidos en cuartos o aparatos refrigeradores.<\/strong>\n<p>Cubre los da\u00f1os que sufran los bienes asegurados, provenientes del cambio de temperatura en cuartos o aparatos refrigeradores a consecuencia de cualesquiera de los riesgos amparados por la p\u00f3liza y con un subl\u00edmite de hasta el 10% de los valores declarados en contenidos y sujeto a que el asegurado cuente con planta de emergencia de energ\u00eda el\u00e9ctrica en correcto funcionamiento.<\/li>\n<li><strong>Mejoras y adaptaciones hechas al local<\/strong>\n<p>Son aqu\u00e9llas que se agregan a un inmueble, que no son partes esenciales y que pueden asegurarse separadamente o bien como parte del contenido.<\/li>\n<li><strong>Bienes a la intemperie<\/strong>\n<p>Instalaciones fijas que por su propia naturaleza, deban estar a la intemperie, bajo sotechados o cobertizos. Se amparan con un subl\u00edmite de hasta el 5% de la suma asegurada contratada en la secci\u00f3n.<\/li>\n<li><strong>Robo con violencia a comensales<\/strong>\n<p>Robo a comensales, hasta la cantidad de 25 DSMGVDF por comensal, 250 DSMGVDF evento y 1,000 DSMGVDF en el agregado anual.<\/li>\n<li><strong>Cobertura para terminales de punto de venta<\/strong>\n<p>Se amparan los da\u00f1os materiales, robo con violencia y ca\u00eddas que sufran las terminales de punto de venta con subl\u00edmite de hasta 100 DSMGVDF por terminal y 150 DSMGVDF en el agregado anual.<\/li>\n<li><strong>Robo de efectivo con violencia a comensales<\/strong>\n<p>Robo a comensales, hasta la cantidad de 25 DSMGVDF por comensal, 250 DSMGVDF evento y 1,000 DSMGVDF en el agregado anual.<\/li>\n<li><strong>RC Productos por alimentos<\/strong>\n<p>Cubre los productos elaborados, entregados o suministrados por el asegurado dentro del restaurante, quedando amparada la uni\u00f3n, mezcla e intoxicaci\u00f3n de los comensales. (Consultar Condiciones Generales).<\/li>\n<li><strong>RC Asumida (caso por caso)<\/strong>\n<p>Casos en los que el asegurado sea civilmente responsable, ya sea por da\u00f1os que cause \u00e9l o terceras personas como sus empleados, para reparar o indemnizar eventuales y futuros da\u00f1os a terceros en sus personas o en sus propiedades (Ver Condiciones Generales).<\/li>\n<li><strong>RC Carga y descarga<\/strong>\n<p>Est\u00e1 asegurada la Responsabilidad Civil derivada de da\u00f1os a veh\u00edculos terrestres ajenos, durante las operaciones de carga y descarga, ocasionados por gr\u00faas, cabrias o montacargas. Tambi\u00e9n se amparan los da\u00f1os a tanques, cisternas o contenedores durante la operaci\u00f3n de descarga a consecuencia de implosi\u00f3n.<\/li>\n<\/ul>\n<h4>Otras Coberturas del Seguro Sura para Gasolineras<\/h4>\n<ul>\n<li><strong>RC en Juegos Infantiles<\/strong>\n<p>Cubre la Responsabilidad Civil del asegurado que cause la muerte o el menoscabo de la salud a consecuencia de los juegos infantiles que tenga en \u00e1reas recreativas dentro del predio del asegurado. Esta cobertura opera como subl\u00edmite hasta la cantidad de $100,000.00 M.N. por<br \/>\nevento y en el agregado anual.<\/li>\n<li><strong>Liquidaci\u00f3n de cuentas de comensales por Robo y\/o asalto con violencia<\/strong>\n<p>Quedan amparadas las cuentas de los comensales cuando el predio haya sufrido Robo y\/o asalto con violencia con un subl\u00edmite hasta por la cantidad de 25 DSMGVDF por mesa, 200 DSMGVDF por evento y 500 DSMGVDF en el agregado anual.<\/li>\n<li><strong>RC del personal bajo relaci\u00f3n de trabajo<\/strong>\n<p>Est\u00e1 asegurada adem\u00e1s, la responsabilidad civil legal de sus empleados y trabajadores, frente a terceros, derivada de la actividad de restaurante.<\/li>\n<li><strong>RC por contratistas independientes<\/strong>\n<p>Est\u00e1 asegurada la responsabilidad civil legal por da\u00f1os a terceros en que incurra el asegurado, cuando, como due\u00f1o de obras en construcci\u00f3n llevadas a cabo por contratistas independientes, realice labores de inspecci\u00f3n, control de avance o recepci\u00f3n de dichas obras (Ver Condiciones Generales).<\/li>\n<li><strong>RC Guardarropa<\/strong>\n<p>Falta de entrega por confusi\u00f3n, robo o da\u00f1o, de las prendas de vestir que los hu\u00e9spedes o clientes hubieran entregado en un guardarropa permanentemente vigilado y accesible solo al personal encargado. Esta cobertura opera como subl\u00edmite hasta la cantidad de 20 DSMGVDF por prenda, 100 DSMGVDF por evento y 500 DSMGVDF en el agregado anual.<\/li>\n<\/ul>\n<h4>Contrata tambi\u00e9n en el Seguro Sura para Gasolinera las coberturas para el Restaurante<\/h4>\n<p>Al momento de asegurar tu <strong>PYME RESTAURANTE<\/strong>, cuentas con la mejor protecci\u00f3n como:<\/p>\n<ul>\n<li>Cobertura a los comensales cuando ocurra un robo con violencia.<\/li>\n<li>Protecci\u00f3n a las terminales de punto de venta.<\/li>\n<li>Cobertura por los da\u00f1os que pudieran causar los alimentos.<\/li>\n<li>En caso de contar con \u00e1rea de juegos infantiles, los ni\u00f1os quedar\u00e1n protegidos ante cualquier da\u00f1o.<\/li>\n<li>Protecci\u00f3n a los bienes a la intemperie que formen parte del negocio.<\/li>\n<li>Las c\u00e1maras refrigeradoras est\u00e1n amparadas ante cualquier incidencia.<\/li>\n<li>Cobertura de Responsabilidad Civil en la que se cause un da\u00f1o a terceras personas o a sus propiedades por el mismo asegurado o por terceras personas, como sus empleados.<\/li>\n<\/ul>\n<p>Para este seguro tambi\u00e9n podemos enviarle propuestas de las Aseguradoras AXA, ABA, MAPFRE o ZURICH<\/p>\n<h4>\u00bfC\u00f3mo y d\u00f3nde puedo contratar mi Seguro SURA para Gasolineras?<\/h4>\n<p>Puedes llenar el formulario que aparece en la parte inferior y nos comunicaremos contigo.<\/p>\n<p>Conoceremos tus necesidades particulares de protecci\u00f3n, te proporcionaremos la informaci\u00f3n sobre los distintos productos que respondan a ellas y te presentaremos las ofertas de las distintas Aseguradoras de las que somos agentes para que puedas seleccionar la mejor opci\u00f3n.<\/p>\n<p>Para la contrataci\u00f3n de otro tipo de seguro que requieras para t\u00ed o tu empresa, visita\u00a0<a href=\"http:\/\/proventum.com.mx\/\">www.proventum.com.mx<\/a><\/p>\n<link rel=\"stylesheet\" type=\"text\/css\" href=\"https:\/\/proventum.info\/forms\/css\/forms.css\"><script src=\"https:\/\/www.google.com\/recaptcha\/api.js\"><\/script><script src=\"https:\/\/ajax.googleapis.com\/ajax\/libs\/jquery\/2.1.1\/jquery.min.js\"><\/script><script type=\"text\/javascript\" src=\"https:\/\/proventum.info\/forms\/js\/origen.js\"><\/script><br> <form class=\"forms\" id=\"cotizacion_form\" method=\"POST\" action=\"https:\/\/seguroparapymes.com.mx\/productos\/enviar\/\" id=\"Cotizacion\"><div class=\"contenedor\"><div class=\"full-w\"><p>1.- SELECCIONA EL PRODUCTO DEL QUE SOLICITAS COTIZACI\u00d3N<\/p><select class=\"form-control form-control-lg\" name=\"Seguro\" required><option value=\"Seguro de Accidentes Personales Grupo\">Seguro de Accidentes Personales Grupo<\/option> <option value=\"Seguro de Gastos Medicos Mayores Grupo\">Seguro de Gastos M\u00e9dicos Mayores Grupo<\/option> <option value=\"Seguro para Pymes MAPFRE\">Seguro para Pymes MAPFRE<\/option> <option value=\"Seguro para Pymes AXA\">Seguro para Pymes AXA<\/option> <option value=\"Seguro para Pymes Zurich\">Seguro para Pymes Zurich<\/option> <option value=\"Seguro para Pymes ABA\">Seguro para Pymes ABA<\/option> <option value=\"Seguro de Vida Pymes Insignia Life\">Seguro de Vida Pymes Insignia Life<\/option> <option value=\"Seguro Pyme Consultorios Medicos\">Seguro Pyme Consultorios M\u00e9dicos<\/option> <option value=\"Seguro Pyme para Restaurantes\">Seguro Pyme para Restaurantes<\/option> <option value=\"Seguro Pyme para Gasolineras\">Seguro Pyme para Gasolineras<\/option> <option value=\"Seguro contra Fraudes Pymes AIG\">Seguro contra Fraudes Pymes AIG<\/option> <option value=\"Seguro AIG para Pymes\">Seguro AIG para Pymes<\/option> <option value=\"ARGOS Seguro de Vida Grupo\">ARGOS Seguro de Vida Grupo<\/option> <option value=\"Seguro GMX de Responsabilidad Civil\">Seguro GMX de Responsabilidad Civil<\/option> <option value=\"Seguro Pyme para Transporte\">Seguro Pyme para Transporte<\/option><option value=\"Otros\">Otros<\/option><\/select><\/div><div class=\"full-w\"> <p>2.- DATOS PARA CONTACTO<\/p> <div class=\"mitad-w\"> <input name=\"Nombre\" type=\"text\" class=\"form-control\" id=\"nombre\" placeholder=\"Nombre(s)\" required> <\/div> <div class=\"mitad-w\"> <input name=\"Apellidos\" type=\"text\" class=\"form-control\" id=\"Apellidos\" placeholder=\"Apellidos\" required> <\/div><\/div><div class=\"full-w\"> <div class=\"mitad-w\"> <input name=\"Direccion\" type=\"text\" class=\"form-control\" id=\"direccion\" placeholder=\"Direcci\u00f3n\" required> <\/div> <div class=\"mitad-w\"> <input name=\"Ciudad\" type=\"text\" class=\"form-control\" id=\"Ciudad\" placeholder=\"Ciudad Y Estado\" required> <\/div><\/div><div class=\"full-w\"> <div class=\"mitad-w\"> <input name=\"Tel\" type=\"text\" class=\"form-control\" id=\"Tel\" placeholder=\"Tel\u00e9fono Fijo\" required> <\/div> <div class=\"mitad-w\"> <input name=\"Movil\" type=\"text\" class=\"form-control\" id=\"Movil\" placeholder=\"Tel\u00e9fono M\u00f3vil\" required> <\/div> <div class=\"mitad-w\"> <input type=\"email\" class=\"form-control\" id=\"Email\" placeholder=\"Email\" name=\"Email\" required> <\/div><\/div><div class=\"full-w\"> <p>3.- DATOS DE LA EMPRESA<\/p> <div class=\"mitad-w\"> <input name=\"Empresa\" type=\"text\" class=\"form-control\" id=\"Empresa\" placeholder=\"Empresa\" required> <\/div> <div class=\"mitad-w\"> <input name=\"Actividad\" type=\"text\" class=\"form-control\" id=\"Actividad\" placeholder=\"Actividad\" required> <\/div><\/div> <div class=\"full-w\"> <p>4.- COMENTARIOS<\/p> <textarea class=\"text-a\" id=\"Comentarios\" contenedors=\"3\" name=\"Comentarios\"><\/textarea> <input type=\"hidden\" name=\"Origen\" id=\"Origen\" required readonly=\"readonly\"> <p>*Al enviar este formulario Usted acepta nuestra <a href=\"https:\/\/seguroderesponsabilidadcivil.com.mx\/politica-de-privacidad\/\" target=\"_blank\">POL\u00cdTICA DE PRIVACIDAD<\/a><\/p> <div class=\"g-recaptcha\" data-sitekey=\"6LfraQkTAAAAACYQ-IEM0qbYLmf47Ju7Nzho1Ns0\"><\/div> <input class=\"btn-lg btn btn-outline-danger\" type=\"submit\" name=\"Enviar Solicitud\"><\/input> <\/div><\/div><\/form>\n","protected":false},"excerpt":{"rendered":"<p>Seguro Sura para Gasolineras El seguro Sura para Gasolineras es una p\u00f3liza con m\u00faltiples beneficios que cubre la construcci\u00f3n material del edificio y los contenidos que se tienen, el da\u00f1o financiero consecuencial, los da\u00f1os por los que el asegurado sea&#8230; <a class=\"more-link\" href=\"https:\/\/seguroparapymes.com.mx\/productos\/seguro-sura-para-gasolineras\/\">Seguir leyendo &rarr;<\/a><\/p>\n","protected":false},"author":1,"featured_media":71,"parent":0,"menu_order":0,"comment_status":"closed","ping_status":"closed","template":"template-fullwidth.php","meta":[],"yoast_head":"<!-- This site is optimized with the Yoast SEO plugin v15.6.2 - https:\/\/yoast.com\/wordpress\/plugins\/seo\/ -->\n<title>Seguro Sura para Gasolineras - Seguro Para Pymes<\/title>\n<meta name=\"description\" content=\"Conoce las caracter\u00edsticas y coberturas del Seguro Sura para Gasolineras y cotiza y contrata a trav\u00e9s de Proventum Agente de Seguros.\" \/>\n<meta name=\"robots\" content=\"index, follow, max-snippet:-1, max-image-preview:large, max-video-preview:-1\" \/>\n<link rel=\"canonical\" href=\"https:\/\/seguroparapymes.com.mx\/productos\/seguro-sura-para-gasolineras\/\" \/>\n<meta property=\"og:locale\" content=\"es_ES\" \/>\n<meta property=\"og:type\" content=\"article\" \/>\n<meta property=\"og:title\" content=\"Seguro Sura para Gasolineras - Seguro Para Pymes\" \/>\n<meta property=\"og:description\" content=\"Conoce las caracter\u00edsticas y coberturas del Seguro Sura para Gasolineras y cotiza y contrata a trav\u00e9s de Proventum Agente de Seguros.\" \/>\n<meta property=\"og:url\" content=\"https:\/\/seguroparapymes.com.mx\/productos\/seguro-sura-para-gasolineras\/\" \/>\n<meta property=\"og:site_name\" content=\"Seguro Para Pymes\" \/>\n<meta property=\"article:modified_time\" content=\"2020-09-07T23:37:52+00:00\" \/>\n<meta property=\"og:image\" content=\"https:\/\/seguroparapymes.com.mx\/productos\/wp-content\/uploads\/2020\/09\/seguro-para-gasolineras.jpg\" \/>\n\t<meta property=\"og:image:width\" content=\"800\" \/>\n\t<meta property=\"og:image:height\" content=\"535\" \/>\n<meta name=\"twitter:card\" content=\"summary_large_image\" \/>\n<meta name=\"twitter:label1\" content=\"Tiempo de lectura\">\n\t<meta name=\"twitter:data1\" content=\"5 minutos\">\n<script type=\"application\/ld+json\" class=\"yoast-schema-graph\">{\"@context\":\"https:\/\/schema.org\",\"@graph\":[{\"@type\":\"WebSite\",\"@id\":\"https:\/\/seguroparapymes.com.mx\/productos\/#website\",\"url\":\"https:\/\/seguroparapymes.com.mx\/productos\/\",\"name\":\"Seguro Para Pymes\",\"description\":\"\",\"potentialAction\":[{\"@type\":\"SearchAction\",\"target\":\"https:\/\/seguroparapymes.com.mx\/productos\/?s={search_term_string}\",\"query-input\":\"required name=search_term_string\"}],\"inLanguage\":\"es\"},{\"@type\":\"ImageObject\",\"@id\":\"https:\/\/seguroparapymes.com.mx\/productos\/seguro-sura-para-gasolineras\/#primaryimage\",\"inLanguage\":\"es\",\"url\":\"https:\/\/seguroparapymes.com.mx\/productos\/wp-content\/uploads\/2020\/09\/seguro-para-gasolineras.jpg\",\"width\":800,\"height\":535,\"caption\":\"Seguro Sura Pyme para Gasolineras\"},{\"@type\":\"WebPage\",\"@id\":\"https:\/\/seguroparapymes.com.mx\/productos\/seguro-sura-para-gasolineras\/#webpage\",\"url\":\"https:\/\/seguroparapymes.com.mx\/productos\/seguro-sura-para-gasolineras\/\",\"name\":\"Seguro Sura para Gasolineras - Seguro Para Pymes\",\"isPartOf\":{\"@id\":\"https:\/\/seguroparapymes.com.mx\/productos\/#website\"},\"primaryImageOfPage\":{\"@id\":\"https:\/\/seguroparapymes.com.mx\/productos\/seguro-sura-para-gasolineras\/#primaryimage\"},\"datePublished\":\"2020-09-03T22:35:59+00:00\",\"dateModified\":\"2020-09-07T23:37:52+00:00\",\"description\":\"Conoce las caracter\\u00edsticas y coberturas del Seguro Sura para Gasolineras y cotiza y contrata a trav\\u00e9s de Proventum Agente de Seguros.\",\"inLanguage\":\"es\",\"potentialAction\":[{\"@type\":\"ReadAction\",\"target\":[\"https:\/\/seguroparapymes.com.mx\/productos\/seguro-sura-para-gasolineras\/\"]}]}]}<\/script>\n<!-- \/ Yoast SEO plugin. -->","_links":{"self":[{"href":"https:\/\/seguroparapymes.com.mx\/productos\/wp-json\/wp\/v2\/pages\/29"}],"collection":[{"href":"https:\/\/seguroparapymes.com.mx\/productos\/wp-json\/wp\/v2\/pages"}],"about":[{"href":"https:\/\/seguroparapymes.com.mx\/productos\/wp-json\/wp\/v2\/types\/page"}],"author":[{"embeddable":true,"href":"https:\/\/seguroparapymes.com.mx\/productos\/wp-json\/wp\/v2\/users\/1"}],"replies":[{"embeddable":true,"href":"https:\/\/seguroparapymes.com.mx\/productos\/wp-json\/wp\/v2\/comments?post=29"}],"version-history":[{"count":6,"href":"https:\/\/seguroparapymes.com.mx\/productos\/wp-json\/wp\/v2\/pages\/29\/revisions"}],"predecessor-version":[{"id":177,"href":"https:\/\/seguroparapymes.com.mx\/productos\/wp-json\/wp\/v2\/pages\/29\/revisions\/177"}],"wp:featuredmedia":[{"embeddable":true,"href":"https:\/\/seguroparapymes.com.mx\/productos\/wp-json\/wp\/v2\/media\/71"}],"wp:attachment":[{"href":"https:\/\/seguroparapymes.com.mx\/productos\/wp-json\/wp\/v2\/media?parent=29"}],"curies":[{"name":"wp","href":"https:\/\/api.w.org\/{rel}","templated":true}]}}