{"id":31,"date":"2020-09-03T22:41:36","date_gmt":"2020-09-03T22:41:36","guid":{"rendered":"https:\/\/seguroparapymes.com.mx\/productos\/?page_id=31"},"modified":"2020-09-07T23:28:46","modified_gmt":"2020-09-07T23:28:46","slug":"seguro-aig-actos-fraudulentos-de-empleados","status":"publish","type":"page","link":"https:\/\/seguroparapymes.com.mx\/productos\/seguro-aig-actos-fraudulentos-de-empleados\/","title":{"rendered":"Seguro AIG Actos Fraudulentos de Empleados"},"content":{"rendered":"<h3>Seguro AIG Actos Fraudulentos de Empleados<\/h3>\n<p>A continuaci\u00f3n puedes apreciar por qu\u00e9 es indispensable para una empresa contar con un seguro AIG por actos fraudulentos de sus empleados.<\/p>\n<p>Algunos aspectos relevantes del estudio Diagn\u00f3stico sobre el impacto del Fraude y la Corrupci\u00f3n en las PYMES , realizado por CEI Consulting Research revelan que:<\/p>\n<ul>\n<li>El fraude representa una de las causas m\u00e1s importantes de la desaparici\u00f3n de las PYMES.<\/li>\n<li>Los fraudes m\u00e1s frecuentes son los que van de los $50,000 a los $150,000 pesos.<\/li>\n<li>El fraude que sufre una PYME impacta de manera significativa sus resultados.; el 48% de las empresas recuperan menos del 5% del dinero perdido.<\/li>\n<li>Un fraude puede tomar desde 8 meses hasta dos a\u00f1os en ser descubierto; este tiempo es proporcional al monto defraudado.<\/li>\n<li>El 85% de los fraudes son cometidos por personal de la empresa; de esas personas el 50% son empleados de administraci\u00f3n.<\/li>\n<li>A medida que su negocio crece es m\u00e1s dif\u00edcil llevar un estricto control interno.<\/li>\n<li>Ninguna industria o empresa es inmune, ya que todos los sectores (manufactura, comercio construcci\u00f3n, servicios etc.) son propensos a sufrir fraudes.<\/li>\n<li>Un estudio a nivel nacional concluye que poco m\u00e1s de medio mill\u00f3n, de PYMES han sido defraudadas generando un costo equivalente al 2% del PIB Nacional.*<\/li>\n<li>Cualquier empresa est\u00e1 a expuesta a ser v\u00edctima de Fraude, el 63% de ellas lo han sufrido.<\/li>\n<\/ul>\n<h4>Seguro contra Actos Fraudulentos de AIG<\/h4>\n<p>Esta p\u00f3liza protege contra la deshonestidad o actos ilegales cometidos por alg\u00fan empleado con la intenci\u00f3n principal de causar que el asegurado incurra en p\u00e9rdidas o de obtener lucro financiero para ellos mismos.<\/p>\n<p>Es una p\u00f3liza Blanket, es decir, no requiere presentar los nombres de todos los empleados, solo es necesario que \u00e9stos sean acreditados como tales para quedar cubiertos. Adem\u00e1s quedan cubiertos empleados de outsourcing que est\u00e9n bajo control del asegurado.<\/p>\n<p><strong>Coberturas B\u00e1sicas<\/strong><\/p>\n<ul>\n<li>Fraude o acto deshonesto cometido por alg\u00fan empleado.<\/li>\n<li>Acto fraudulento cometido por alguna otra persona.<\/li>\n<li>Falsificaci\u00f3n de la firma, falsificaci\u00f3n o alteraci\u00f3n fraudulenta de dinero, valores o instrucci\u00f3n.<\/li>\n<li>Falsificaci\u00f3n o alteraci\u00f3n de promesas de pago girado a cuenta del asegurado.<\/li>\n<li>Uso fraudulento de una tarjeta corporativa<\/li>\n<li>Robo computacional o transferencia de fondos (Activos y fondos bajo el control del asegurado)<\/li>\n<\/ul>\n<p>Coberturas Opcionales<\/p>\n<ul>\n<li>Cuidado, Custodia y Control.<\/li>\n<li>Honorarios, Costos y Gastos (Honorarios legales, Especialista Investigador, Costos de Reconstituci\u00f3n).<\/li>\n<li>Dinero o Valores &#8211; Da\u00f1os, Destrucci\u00f3n o Desaparici\u00f3n.<\/li>\n<li>Entidades Nuevas Recientemente Constituidas o Adquiridas.<\/li>\n<li>Servicios de Consultor Pre-p\u00e9rdida.<\/li>\n<\/ul>\n<h4>\u00bfC\u00f3mo y d\u00f3nde puedo contratar el Seguro AIG para Actos Fraudulentos de Empleados?<\/h4>\n<p>Puedes llenar el formulario que aparece en la parte inferior y nos comunicaremos contigo.<\/p>\n<p>Conoceremos tus necesidades particulares de protecci\u00f3n, te proporcionaremos la informaci\u00f3n sobre los distintos productos que respondan a ellas y te presentaremos las ofertas de las distintas Aseguradoras de las que somos agentes para que puedas seleccionar la mejor opci\u00f3n.<\/p>\n<p><a href=\"https:\/\/seguroparapymes.com.mx\/productos\/segupyme-mapfre-seguro-para-pymes\/\">Tambi\u00e9n te puede interesar Segupyme Mapfre Seguro para Pymes<\/a><\/p>\n<p>Para la contrataci\u00f3n de otro tipo de seguro que requieras para t\u00ed o tu empresa, visita\u00a0<a href=\"http:\/\/proventum.com.mx\/\">www.proventum.com.mx<\/a><\/p>\n<link rel=\"stylesheet\" type=\"text\/css\" href=\"https:\/\/proventum.info\/forms\/css\/forms.css\"><script src=\"https:\/\/www.google.com\/recaptcha\/api.js\"><\/script><script src=\"https:\/\/ajax.googleapis.com\/ajax\/libs\/jquery\/2.1.1\/jquery.min.js\"><\/script><script type=\"text\/javascript\" src=\"https:\/\/proventum.info\/forms\/js\/origen.js\"><\/script><br> <form class=\"forms\" id=\"cotizacion_form\" method=\"POST\" action=\"https:\/\/seguroparapymes.com.mx\/productos\/enviar\/\" id=\"Cotizacion\"><div class=\"contenedor\"><div class=\"full-w\"><p>1.- SELECCIONA EL PRODUCTO DEL QUE SOLICITAS COTIZACI\u00d3N<\/p><select class=\"form-control form-control-lg\" name=\"Seguro\" required><option value=\"Seguro de Accidentes Personales Grupo\">Seguro de Accidentes Personales Grupo<\/option> <option value=\"Seguro de Gastos Medicos Mayores Grupo\">Seguro de Gastos M\u00e9dicos Mayores Grupo<\/option> <option value=\"Seguro para Pymes MAPFRE\">Seguro para Pymes MAPFRE<\/option> <option value=\"Seguro para Pymes AXA\">Seguro para Pymes AXA<\/option> <option value=\"Seguro para Pymes Zurich\">Seguro para Pymes Zurich<\/option> <option value=\"Seguro para Pymes ABA\">Seguro para Pymes ABA<\/option> <option value=\"Seguro de Vida Pymes Insignia Life\">Seguro de Vida Pymes Insignia Life<\/option> <option value=\"Seguro Pyme Consultorios Medicos\">Seguro Pyme Consultorios M\u00e9dicos<\/option> <option value=\"Seguro Pyme para Restaurantes\">Seguro Pyme para Restaurantes<\/option> <option value=\"Seguro Pyme para Gasolineras\">Seguro Pyme para Gasolineras<\/option> <option value=\"Seguro contra Fraudes Pymes AIG\">Seguro contra Fraudes Pymes AIG<\/option> <option value=\"Seguro AIG para Pymes\">Seguro AIG para Pymes<\/option> <option value=\"ARGOS Seguro de Vida Grupo\">ARGOS Seguro de Vida Grupo<\/option> <option value=\"Seguro GMX de Responsabilidad Civil\">Seguro GMX de Responsabilidad Civil<\/option> <option value=\"Seguro Pyme para Transporte\">Seguro Pyme para Transporte<\/option><option value=\"Otros\">Otros<\/option><\/select><\/div><div class=\"full-w\"> <p>2.- DATOS PARA CONTACTO<\/p> <div class=\"mitad-w\"> <input name=\"Nombre\" type=\"text\" class=\"form-control\" id=\"nombre\" placeholder=\"Nombre(s)\" required> <\/div> <div class=\"mitad-w\"> <input name=\"Apellidos\" type=\"text\" class=\"form-control\" id=\"Apellidos\" placeholder=\"Apellidos\" required> <\/div><\/div><div class=\"full-w\"> <div class=\"mitad-w\"> <input name=\"Direccion\" type=\"text\" class=\"form-control\" id=\"direccion\" placeholder=\"Direcci\u00f3n\" required> <\/div> <div class=\"mitad-w\"> <input name=\"Ciudad\" type=\"text\" class=\"form-control\" id=\"Ciudad\" placeholder=\"Ciudad Y Estado\" required> <\/div><\/div><div class=\"full-w\"> <div class=\"mitad-w\"> <input name=\"Tel\" type=\"text\" class=\"form-control\" id=\"Tel\" placeholder=\"Tel\u00e9fono Fijo\" required> <\/div> <div class=\"mitad-w\"> <input name=\"Movil\" type=\"text\" class=\"form-control\" id=\"Movil\" placeholder=\"Tel\u00e9fono M\u00f3vil\" required> <\/div> <div class=\"mitad-w\"> <input type=\"email\" class=\"form-control\" id=\"Email\" placeholder=\"Email\" name=\"Email\" required> <\/div><\/div><div class=\"full-w\"> <p>3.- DATOS DE LA EMPRESA<\/p> <div class=\"mitad-w\"> <input name=\"Empresa\" type=\"text\" class=\"form-control\" id=\"Empresa\" placeholder=\"Empresa\" required> <\/div> <div class=\"mitad-w\"> <input name=\"Actividad\" type=\"text\" class=\"form-control\" id=\"Actividad\" placeholder=\"Actividad\" required> <\/div><\/div> <div class=\"full-w\"> <p>4.- COMENTARIOS<\/p> <textarea class=\"text-a\" id=\"Comentarios\" contenedors=\"3\" name=\"Comentarios\"><\/textarea> <input type=\"hidden\" name=\"Origen\" id=\"Origen\" required readonly=\"readonly\"> <p>*Al enviar este formulario Usted acepta nuestra <a href=\"https:\/\/seguroderesponsabilidadcivil.com.mx\/politica-de-privacidad\/\" target=\"_blank\">POL\u00cdTICA DE PRIVACIDAD<\/a><\/p> <div class=\"g-recaptcha\" data-sitekey=\"6LfraQkTAAAAACYQ-IEM0qbYLmf47Ju7Nzho1Ns0\"><\/div> <input class=\"btn-lg btn btn-outline-danger\" type=\"submit\" name=\"Enviar Solicitud\"><\/input> <\/div><\/div><\/form>\n","protected":false},"excerpt":{"rendered":"<p>Seguro AIG Actos Fraudulentos de Empleados A continuaci\u00f3n puedes apreciar por qu\u00e9 es indispensable para una empresa contar con un seguro AIG por actos fraudulentos de sus empleados. Algunos aspectos relevantes del estudio Diagn\u00f3stico sobre el impacto del Fraude y&#8230; <a class=\"more-link\" href=\"https:\/\/seguroparapymes.com.mx\/productos\/seguro-aig-actos-fraudulentos-de-empleados\/\">Seguir leyendo &rarr;<\/a><\/p>\n","protected":false},"author":1,"featured_media":108,"parent":0,"menu_order":0,"comment_status":"closed","ping_status":"closed","template":"template-nosidebar.php","meta":[],"yoast_head":"<!-- This site is optimized with the Yoast SEO plugin v15.6.2 - https:\/\/yoast.com\/wordpress\/plugins\/seo\/ -->\n<title>Seguro AIG Actos Fraudulentos de Empleados - Seguro Para Pymes<\/title>\n<meta name=\"description\" content=\"Conoce las caracter\u00edsticas del Seguro AIG Actos Fraudulentos de Empleados y cotiza y contrata a trav\u00e9s de Proventum Agente de Seguros.\" \/>\n<meta name=\"robots\" content=\"index, follow, max-snippet:-1, max-image-preview:large, max-video-preview:-1\" \/>\n<link rel=\"canonical\" href=\"https:\/\/seguroparapymes.com.mx\/productos\/seguro-aig-actos-fraudulentos-de-empleados\/\" \/>\n<meta property=\"og:locale\" content=\"es_ES\" \/>\n<meta property=\"og:type\" content=\"article\" \/>\n<meta property=\"og:title\" content=\"Seguro AIG Actos Fraudulentos de Empleados - Seguro Para Pymes\" \/>\n<meta property=\"og:description\" content=\"Conoce las caracter\u00edsticas del Seguro AIG Actos Fraudulentos de Empleados y cotiza y contrata a trav\u00e9s de Proventum Agente de Seguros.\" \/>\n<meta property=\"og:url\" content=\"https:\/\/seguroparapymes.com.mx\/productos\/seguro-aig-actos-fraudulentos-de-empleados\/\" \/>\n<meta property=\"og:site_name\" content=\"Seguro Para Pymes\" \/>\n<meta property=\"article:modified_time\" content=\"2020-09-07T23:28:46+00:00\" \/>\n<meta property=\"og:image\" content=\"https:\/\/seguroparapymes.com.mx\/productos\/wp-content\/uploads\/2020\/09\/Seguro-para-Fraudes-de-Empleados-OPT.jpg\" \/>\n\t<meta property=\"og:image:width\" content=\"800\" \/>\n\t<meta property=\"og:image:height\" content=\"533\" \/>\n<meta name=\"twitter:card\" content=\"summary_large_image\" \/>\n<meta name=\"twitter:label1\" content=\"Tiempo de lectura\">\n\t<meta name=\"twitter:data1\" content=\"3 minutos\">\n<script type=\"application\/ld+json\" class=\"yoast-schema-graph\">{\"@context\":\"https:\/\/schema.org\",\"@graph\":[{\"@type\":\"WebSite\",\"@id\":\"https:\/\/seguroparapymes.com.mx\/productos\/#website\",\"url\":\"https:\/\/seguroparapymes.com.mx\/productos\/\",\"name\":\"Seguro Para Pymes\",\"description\":\"\",\"potentialAction\":[{\"@type\":\"SearchAction\",\"target\":\"https:\/\/seguroparapymes.com.mx\/productos\/?s={search_term_string}\",\"query-input\":\"required name=search_term_string\"}],\"inLanguage\":\"es\"},{\"@type\":\"ImageObject\",\"@id\":\"https:\/\/seguroparapymes.com.mx\/productos\/seguro-aig-actos-fraudulentos-de-empleados\/#primaryimage\",\"inLanguage\":\"es\",\"url\":\"https:\/\/seguroparapymes.com.mx\/productos\/wp-content\/uploads\/2020\/09\/Seguro-para-Fraudes-de-Empleados-OPT.jpg\",\"width\":800,\"height\":533,\"caption\":\"Seguro AIG actos fraudulentos de Empleados\"},{\"@type\":\"WebPage\",\"@id\":\"https:\/\/seguroparapymes.com.mx\/productos\/seguro-aig-actos-fraudulentos-de-empleados\/#webpage\",\"url\":\"https:\/\/seguroparapymes.com.mx\/productos\/seguro-aig-actos-fraudulentos-de-empleados\/\",\"name\":\"Seguro AIG Actos Fraudulentos de Empleados - Seguro Para Pymes\",\"isPartOf\":{\"@id\":\"https:\/\/seguroparapymes.com.mx\/productos\/#website\"},\"primaryImageOfPage\":{\"@id\":\"https:\/\/seguroparapymes.com.mx\/productos\/seguro-aig-actos-fraudulentos-de-empleados\/#primaryimage\"},\"datePublished\":\"2020-09-03T22:41:36+00:00\",\"dateModified\":\"2020-09-07T23:28:46+00:00\",\"description\":\"Conoce las caracter\\u00edsticas del Seguro AIG Actos Fraudulentos de Empleados y cotiza y contrata a trav\\u00e9s de Proventum Agente de Seguros.\",\"inLanguage\":\"es\",\"potentialAction\":[{\"@type\":\"ReadAction\",\"target\":[\"https:\/\/seguroparapymes.com.mx\/productos\/seguro-aig-actos-fraudulentos-de-empleados\/\"]}]}]}<\/script>\n<!-- \/ Yoast SEO plugin. -->","_links":{"self":[{"href":"https:\/\/seguroparapymes.com.mx\/productos\/wp-json\/wp\/v2\/pages\/31"}],"collection":[{"href":"https:\/\/seguroparapymes.com.mx\/productos\/wp-json\/wp\/v2\/pages"}],"about":[{"href":"https:\/\/seguroparapymes.com.mx\/productos\/wp-json\/wp\/v2\/types\/page"}],"author":[{"embeddable":true,"href":"https:\/\/seguroparapymes.com.mx\/productos\/wp-json\/wp\/v2\/users\/1"}],"replies":[{"embeddable":true,"href":"https:\/\/seguroparapymes.com.mx\/productos\/wp-json\/wp\/v2\/comments?post=31"}],"version-history":[{"count":7,"href":"https:\/\/seguroparapymes.com.mx\/productos\/wp-json\/wp\/v2\/pages\/31\/revisions"}],"predecessor-version":[{"id":170,"href":"https:\/\/seguroparapymes.com.mx\/productos\/wp-json\/wp\/v2\/pages\/31\/revisions\/170"}],"wp:featuredmedia":[{"embeddable":true,"href":"https:\/\/seguroparapymes.com.mx\/productos\/wp-json\/wp\/v2\/media\/108"}],"wp:attachment":[{"href":"https:\/\/seguroparapymes.com.mx\/productos\/wp-json\/wp\/v2\/media?parent=31"}],"curies":[{"name":"wp","href":"https:\/\/api.w.org\/{rel}","templated":true}]}}