{"id":33,"date":"2020-09-03T22:45:46","date_gmt":"2020-09-03T22:45:46","guid":{"rendered":"https:\/\/seguroparapymes.com.mx\/productos\/?page_id=33"},"modified":"2020-09-07T23:28:40","modified_gmt":"2020-09-07T23:28:40","slug":"seguro-aig-para-pymes","status":"publish","type":"page","link":"https:\/\/seguroparapymes.com.mx\/productos\/seguro-aig-para-pymes\/","title":{"rendered":"Seguro AIG para PYMES"},"content":{"rendered":"<h3>Seguro AIG para Pymes<\/h3>\n<p>La importancia de contar con un seguro AIG para pymes radica en que en M\u00e9xico existen alrededor de 3,400,000 negocios PyME, los cuales representan aproximadamente el 90% del total de las empresas en M\u00e9xico.<\/p>\n<p>Generan aproximadamente el 79% de todos los empleos del pa\u00eds y el 65% de \u00e9stos son negocios familiares. Se estima que 8 de cada 10 PyMES cierran durante su primer a\u00f1o de operaci\u00f3n debido, principalmente, a la falta de protecci\u00f3n financiera frente a situaciones cr\u00edticas.<\/p>\n<p>Por esto, es importante considerar que las eventualidades y condiciones del medio ambiente a las que cualquier negocio abierto al p\u00fablico se enfrenta, son muchas y ponen en riesgo tu negocio y patrimonio.<\/p>\n<h4>Ten en mente que&#8230;<\/h4>\n<p>Estudios revelan que, entre los riesgos con mayor exposici\u00f3n para el patrimonio de un microempresario, destacan:<\/p>\n<ul>\n<li>Da\u00f1o a la propiedad 50% de las veces<\/li>\n<li>Muerte del due\u00f1o del negocio y proveedor de la familia 4% de las veces<\/li>\n<li>Robo de los activos de la empresa 3% de las veces<\/li>\n<\/ul>\n<h4>El Seguro AIG para Pymes protege tu empresa en los siguientes rubros:<\/h4>\n<p><strong>Bienes Cubiertos<\/strong><\/p>\n<ul>\n<li>Mobiliario<\/li>\n<li>Equipo de Oficina<\/li>\n<li>Mejoras y Adaptaciones<\/li>\n<\/ul>\n<p><strong>Responsabilidad Civil General<\/strong><\/p>\n<ul>\n<li>Actividades e Inmuebles<\/li>\n<li>Arrendatario<\/li>\n<\/ul>\n<p><strong>Coberturas<\/strong><\/p>\n<ul>\n<li>Huelgas<\/li>\n<li>Incendio y\/o Rayo y\/o Explosi\u00f3n<\/li>\n<li>Terremoto y Erupci\u00f3n Volc\u00e1nica<\/li>\n<li>Fen\u00f3menos Hidrometereol\u00f3gicos<\/li>\n<\/ul>\n<p><strong>Robo<\/strong><\/p>\n<ul>\n<li>Robo con Violencia, Asalto.<\/li>\n<li>P\u00e9rdidas Org\u00e1nicas<\/li>\n<\/ul>\n<h4>El Seguro AIG para Pymes puede amparar adicionalmente:<\/h4>\n<ul>\n<li style=\"list-style-type: none;\">\n<ul>\n<li>Da\u00f1os causados por la interrupci\u00f3n de las actividades propias el negocio:\n<ul>\n<li>Rotura accidental de cristales*<\/li>\n<li>P\u00e9rdida de dinero y valores*<\/li>\n<li>Da\u00f1os a anuncios o carteles*<\/li>\n<li>P\u00e9rdida de dinero y valores*<\/li>\n<li>Da\u00f1os a anuncios o carteles*<\/li>\n<\/ul>\n<\/li>\n<\/ul>\n<\/li>\n<\/ul>\n<p><strong>*\u00danicamente del negocio<\/strong><\/p>\n<p>Imagina que suceder\u00eda en caso de un siniestro, si sufrieras un acontecimiento que ponga en riesgo tu patrimonio, como un robo, un asalto, un terremoto etc. y no estuviera asegurado, los da\u00f1os y la responsabilidad en las que te ver\u00edas involucrado pudieran resultar cr\u00edticos y podr\u00eda perder tu patrimonio.<\/p>\n<h4>\u00bfC\u00f3mo y d\u00f3nde puedo contratar mi Seguro AIG para Pymes?<\/h4>\n<p>Puedes llenar el formulario que aparece en la parte inferior y nos comunicaremos contigo.<\/p>\n<p>Conoceremos tus necesidades particulares de protecci\u00f3n, te proporcionaremos la informaci\u00f3n sobre los distintos productos que respondan a ellas y te presentaremos las ofertas de las distintas Aseguradoras de las que somos agentes para que puedas seleccionar la mejor opci\u00f3n.<\/p>\n<p><a href=\"https:\/\/seguroparapymes.com.mx\/productos\/seguro-zurich-para-pymes\/\">Tambi\u00e9n te puede interesar el Seguro Zurich para Pymes<\/a><\/p>\n<p>Para la contrataci\u00f3n de otro tipo de seguro que requieras para t\u00ed o tu empresa, visita\u00a0<a href=\"http:\/\/proventum.com.mx\/\">www.proventum.com.mx<\/a><\/p>\n<link rel=\"stylesheet\" type=\"text\/css\" href=\"https:\/\/proventum.info\/forms\/css\/forms.css\"><script src=\"https:\/\/www.google.com\/recaptcha\/api.js\"><\/script><script src=\"https:\/\/ajax.googleapis.com\/ajax\/libs\/jquery\/2.1.1\/jquery.min.js\"><\/script><script type=\"text\/javascript\" src=\"https:\/\/proventum.info\/forms\/js\/origen.js\"><\/script><br> <form class=\"forms\" id=\"cotizacion_form\" method=\"POST\" action=\"https:\/\/seguroparapymes.com.mx\/productos\/enviar\/\" id=\"Cotizacion\"><div class=\"contenedor\"><div class=\"full-w\"><p>1.- SELECCIONA EL PRODUCTO DEL QUE SOLICITAS COTIZACI\u00d3N<\/p><select class=\"form-control form-control-lg\" name=\"Seguro\" required><option value=\"Seguro de Accidentes Personales Grupo\">Seguro de Accidentes Personales Grupo<\/option> <option value=\"Seguro de Gastos Medicos Mayores Grupo\">Seguro de Gastos M\u00e9dicos Mayores Grupo<\/option> <option value=\"Seguro para Pymes MAPFRE\">Seguro para Pymes MAPFRE<\/option> <option value=\"Seguro para Pymes AXA\">Seguro para Pymes AXA<\/option> <option value=\"Seguro para Pymes Zurich\">Seguro para Pymes Zurich<\/option> <option value=\"Seguro para Pymes ABA\">Seguro para Pymes ABA<\/option> <option value=\"Seguro de Vida Pymes Insignia Life\">Seguro de Vida Pymes Insignia Life<\/option> <option value=\"Seguro Pyme Consultorios Medicos\">Seguro Pyme Consultorios M\u00e9dicos<\/option> <option value=\"Seguro Pyme para Restaurantes\">Seguro Pyme para Restaurantes<\/option> <option value=\"Seguro Pyme para Gasolineras\">Seguro Pyme para Gasolineras<\/option> <option value=\"Seguro contra Fraudes Pymes AIG\">Seguro contra Fraudes Pymes AIG<\/option> <option value=\"Seguro AIG para Pymes\">Seguro AIG para Pymes<\/option> <option value=\"ARGOS Seguro de Vida Grupo\">ARGOS Seguro de Vida Grupo<\/option> <option value=\"Seguro GMX de Responsabilidad Civil\">Seguro GMX de Responsabilidad Civil<\/option> <option value=\"Seguro Pyme para Transporte\">Seguro Pyme para Transporte<\/option><option value=\"Otros\">Otros<\/option><\/select><\/div><div class=\"full-w\"> <p>2.- DATOS PARA CONTACTO<\/p> <div class=\"mitad-w\"> <input name=\"Nombre\" type=\"text\" class=\"form-control\" id=\"nombre\" placeholder=\"Nombre(s)\" required> <\/div> <div class=\"mitad-w\"> <input name=\"Apellidos\" type=\"text\" class=\"form-control\" id=\"Apellidos\" placeholder=\"Apellidos\" required> <\/div><\/div><div class=\"full-w\"> <div class=\"mitad-w\"> <input name=\"Direccion\" type=\"text\" class=\"form-control\" id=\"direccion\" placeholder=\"Direcci\u00f3n\" required> <\/div> <div class=\"mitad-w\"> <input name=\"Ciudad\" type=\"text\" class=\"form-control\" id=\"Ciudad\" placeholder=\"Ciudad Y Estado\" required> <\/div><\/div><div class=\"full-w\"> <div class=\"mitad-w\"> <input name=\"Tel\" type=\"text\" class=\"form-control\" id=\"Tel\" placeholder=\"Tel\u00e9fono Fijo\" required> <\/div> <div class=\"mitad-w\"> <input name=\"Movil\" type=\"text\" class=\"form-control\" id=\"Movil\" placeholder=\"Tel\u00e9fono M\u00f3vil\" required> <\/div> <div class=\"mitad-w\"> <input type=\"email\" class=\"form-control\" id=\"Email\" placeholder=\"Email\" name=\"Email\" required> <\/div><\/div><div class=\"full-w\"> <p>3.- DATOS DE LA EMPRESA<\/p> <div class=\"mitad-w\"> <input name=\"Empresa\" type=\"text\" class=\"form-control\" id=\"Empresa\" placeholder=\"Empresa\" required> <\/div> <div class=\"mitad-w\"> <input name=\"Actividad\" type=\"text\" class=\"form-control\" id=\"Actividad\" placeholder=\"Actividad\" required> <\/div><\/div> <div class=\"full-w\"> <p>4.- COMENTARIOS<\/p> <textarea class=\"text-a\" id=\"Comentarios\" contenedors=\"3\" name=\"Comentarios\"><\/textarea> <input type=\"hidden\" name=\"Origen\" id=\"Origen\" required readonly=\"readonly\"> <p>*Al enviar este formulario Usted acepta nuestra <a href=\"https:\/\/seguroderesponsabilidadcivil.com.mx\/politica-de-privacidad\/\" target=\"_blank\">POL\u00cdTICA DE PRIVACIDAD<\/a><\/p> <div class=\"g-recaptcha\" data-sitekey=\"6LfraQkTAAAAACYQ-IEM0qbYLmf47Ju7Nzho1Ns0\"><\/div> <input class=\"btn-lg btn btn-outline-danger\" type=\"submit\" name=\"Enviar Solicitud\"><\/input> <\/div><\/div><\/form>\n","protected":false},"excerpt":{"rendered":"<p>Seguro AIG para Pymes La importancia de contar con un seguro AIG para pymes radica en que en M\u00e9xico existen alrededor de 3,400,000 negocios PyME, los cuales representan aproximadamente el 90% del total de las empresas en M\u00e9xico. Generan aproximadamente&#8230; <a class=\"more-link\" href=\"https:\/\/seguroparapymes.com.mx\/productos\/seguro-aig-para-pymes\/\">Seguir leyendo &rarr;<\/a><\/p>\n","protected":false},"author":1,"featured_media":83,"parent":0,"menu_order":0,"comment_status":"closed","ping_status":"closed","template":"template-nosidebar.php","meta":[],"yoast_head":"<!-- This site is optimized with the Yoast SEO plugin v15.6.2 - https:\/\/yoast.com\/wordpress\/plugins\/seo\/ -->\n<title>Seguro AIG para PYMES - Seguro Para Pymes<\/title>\n<meta name=\"description\" content=\"Conoce las caracter\u00edsticas del seguro AIG para Pymes y cotiza y contrata a trav\u00e9s de Proventum Agente de Seguros y de Fianzas\" \/>\n<meta name=\"robots\" content=\"index, follow, max-snippet:-1, max-image-preview:large, max-video-preview:-1\" \/>\n<link rel=\"canonical\" href=\"https:\/\/seguroparapymes.com.mx\/productos\/seguro-aig-para-pymes\/\" \/>\n<meta property=\"og:locale\" content=\"es_ES\" \/>\n<meta property=\"og:type\" content=\"article\" \/>\n<meta property=\"og:title\" content=\"Seguro AIG para PYMES - Seguro Para Pymes\" \/>\n<meta property=\"og:description\" content=\"Conoce las caracter\u00edsticas del seguro AIG para Pymes y cotiza y contrata a trav\u00e9s de Proventum Agente de Seguros y de Fianzas\" \/>\n<meta property=\"og:url\" content=\"https:\/\/seguroparapymes.com.mx\/productos\/seguro-aig-para-pymes\/\" \/>\n<meta property=\"og:site_name\" content=\"Seguro Para Pymes\" \/>\n<meta property=\"article:modified_time\" content=\"2020-09-07T23:28:40+00:00\" \/>\n<meta property=\"og:image\" content=\"https:\/\/seguroparapymes.com.mx\/productos\/wp-content\/uploads\/2020\/09\/Seguro-para-Pymes-2.jpg\" \/>\n\t<meta property=\"og:image:width\" content=\"800\" \/>\n\t<meta property=\"og:image:height\" content=\"531\" \/>\n<meta name=\"twitter:card\" content=\"summary_large_image\" \/>\n<meta name=\"twitter:label1\" content=\"Tiempo de lectura\">\n\t<meta name=\"twitter:data1\" content=\"2 minutos\">\n<script type=\"application\/ld+json\" class=\"yoast-schema-graph\">{\"@context\":\"https:\/\/schema.org\",\"@graph\":[{\"@type\":\"WebSite\",\"@id\":\"https:\/\/seguroparapymes.com.mx\/productos\/#website\",\"url\":\"https:\/\/seguroparapymes.com.mx\/productos\/\",\"name\":\"Seguro Para Pymes\",\"description\":\"\",\"potentialAction\":[{\"@type\":\"SearchAction\",\"target\":\"https:\/\/seguroparapymes.com.mx\/productos\/?s={search_term_string}\",\"query-input\":\"required name=search_term_string\"}],\"inLanguage\":\"es\"},{\"@type\":\"ImageObject\",\"@id\":\"https:\/\/seguroparapymes.com.mx\/productos\/seguro-aig-para-pymes\/#primaryimage\",\"inLanguage\":\"es\",\"url\":\"https:\/\/seguroparapymes.com.mx\/productos\/wp-content\/uploads\/2020\/09\/Seguro-para-Pymes-2.jpg\",\"width\":800,\"height\":531,\"caption\":\"Seguro AIG para Pymes\"},{\"@type\":\"WebPage\",\"@id\":\"https:\/\/seguroparapymes.com.mx\/productos\/seguro-aig-para-pymes\/#webpage\",\"url\":\"https:\/\/seguroparapymes.com.mx\/productos\/seguro-aig-para-pymes\/\",\"name\":\"Seguro AIG para PYMES - Seguro Para Pymes\",\"isPartOf\":{\"@id\":\"https:\/\/seguroparapymes.com.mx\/productos\/#website\"},\"primaryImageOfPage\":{\"@id\":\"https:\/\/seguroparapymes.com.mx\/productos\/seguro-aig-para-pymes\/#primaryimage\"},\"datePublished\":\"2020-09-03T22:45:46+00:00\",\"dateModified\":\"2020-09-07T23:28:40+00:00\",\"description\":\"Conoce las caracter\\u00edsticas del seguro AIG para Pymes y cotiza y contrata a trav\\u00e9s de Proventum Agente de Seguros y de Fianzas\",\"inLanguage\":\"es\",\"potentialAction\":[{\"@type\":\"ReadAction\",\"target\":[\"https:\/\/seguroparapymes.com.mx\/productos\/seguro-aig-para-pymes\/\"]}]}]}<\/script>\n<!-- \/ Yoast SEO plugin. -->","_links":{"self":[{"href":"https:\/\/seguroparapymes.com.mx\/productos\/wp-json\/wp\/v2\/pages\/33"}],"collection":[{"href":"https:\/\/seguroparapymes.com.mx\/productos\/wp-json\/wp\/v2\/pages"}],"about":[{"href":"https:\/\/seguroparapymes.com.mx\/productos\/wp-json\/wp\/v2\/types\/page"}],"author":[{"embeddable":true,"href":"https:\/\/seguroparapymes.com.mx\/productos\/wp-json\/wp\/v2\/users\/1"}],"replies":[{"embeddable":true,"href":"https:\/\/seguroparapymes.com.mx\/productos\/wp-json\/wp\/v2\/comments?post=33"}],"version-history":[{"count":6,"href":"https:\/\/seguroparapymes.com.mx\/productos\/wp-json\/wp\/v2\/pages\/33\/revisions"}],"predecessor-version":[{"id":169,"href":"https:\/\/seguroparapymes.com.mx\/productos\/wp-json\/wp\/v2\/pages\/33\/revisions\/169"}],"wp:featuredmedia":[{"embeddable":true,"href":"https:\/\/seguroparapymes.com.mx\/productos\/wp-json\/wp\/v2\/media\/83"}],"wp:attachment":[{"href":"https:\/\/seguroparapymes.com.mx\/productos\/wp-json\/wp\/v2\/media?parent=33"}],"curies":[{"name":"wp","href":"https:\/\/api.w.org\/{rel}","templated":true}]}}