{"id":39,"date":"2020-09-03T22:48:30","date_gmt":"2020-09-03T22:48:30","guid":{"rendered":"https:\/\/seguroparapymes.com.mx\/productos\/?page_id=39"},"modified":"2020-09-07T23:28:31","modified_gmt":"2020-09-07T23:28:31","slug":"seguro-de-transporte-para-pymes","status":"publish","type":"page","link":"https:\/\/seguroparapymes.com.mx\/productos\/seguro-de-transporte-para-pymes\/","title":{"rendered":"Seguro de Transporte para PYMES"},"content":{"rendered":"<h3>Seguro de Transporte para Pymes<\/h3>\n<p>El Seguro de Transporte para Pymes brinda la debida protecci\u00f3n contra riesgos derivados de accidentes, aver\u00edas y actos delictivos a que est\u00e1n expuestos los embarques de mercanc\u00edas, durante su transporte en diversos medios de conducci\u00f3n y en cualquier parte del mundo.<\/p>\n<p>Se adapta al inter\u00e9s asegurable para uno o m\u00faltiples embarques, con las siguientes modalidades de contrataci\u00f3n:<\/p>\n<ul>\n<li><strong>P\u00f3liza Espec\u00edfica por Embarque.-<\/strong>Se asegura un cargamento que comprende una o varias clases de mercanc\u00edas para un solo y mismo transporte determinado.<\/li>\n<li><strong>P\u00f3liza Anual a Declaraci\u00f3n Mensual.-<\/strong>Se asegura todos los embarques de las mercanc\u00edas especificadas que se hayan efectuado dentro de la vigencia de la p\u00f3liza, solicitando al Asegurado la declaraci\u00f3n mensual de las mercanc\u00edas transportadas.<\/li>\n<li>P\u00f3liza a Pron\u00f3stico Anual de Embarques.-Se aseguran todos los embarques realizados durante la vigencia de la p\u00f3liza efectuando al final el ajuste correspondiente entre el pron\u00f3stico y los embarques y valores reales.<\/li>\n<\/ul>\n<p>Se adec\u00faa a las necesidades propias del transporte de las mercanc\u00edas realizadas por medio de avi\u00f3n, cami\u00f3n, ferrocarril, v\u00eda mar\u00edtima o la combinaci\u00f3n de \u00e9stos, con cobertura b\u00e1sica de:<\/p>\n<h4>El Seguro de Transporte para Pymes protege por Riesgos Ordinarios de Tr\u00e1nsito:<\/h4>\n<p>Cubre aquellas p\u00e9rdidas y\/o da\u00f1os materiales que sufra la mercanc\u00eda a consecuencia de incendio, rayo, explosi\u00f3n, colisi\u00f3n, volcadura, descarrilamiento de ferrocarril, ca\u00edda de avi\u00f3n, as\u00ed como varadura, hundimiento o colisi\u00f3n del barco y la contribuci\u00f3n del Asegurado por aver\u00eda gruesa general y gastos de salvamento.<\/p>\n<p><strong>Coberturas de Riesgos Adicionales:<\/strong><\/p>\n<ul>\n<li>Robo de bulto por entero<\/li>\n<li>Robo parcial<\/li>\n<li>Mojadura<\/li>\n<li>Contaminaci\u00f3n<\/li>\n<li>Manchas<\/li>\n<li>Rotura o rajadura<\/li>\n<li>Maniobras de carga y descarga<\/li>\n<li>Derrames o mermas<\/li>\n<li>Echaz\u00f3n o barredura<\/li>\n<li>Barater\u00eda del capit\u00e1n o su tripulaci\u00f3n<\/li>\n<li>Huelgas y alborotos populares<\/li>\n<li>Guerra a flote o a\u00e9rea<\/li>\n<\/ul>\n<p>Este seguro de transporte lo podemos cotizar con las Aseguradoras AFIRME, AXA, GMX, MAPFRE, SURA o ZURICH.<\/p>\n<h4>\u00bfC\u00f3mo y d\u00f3nde puedo contratar mi Seguro de Transporte para Pymes?<\/h4>\n<p>Puedes llenar el formulario que aparece en la parte inferior y nos comunicaremos contigo.<\/p>\n<p>Conoceremos tus necesidades particulares de protecci\u00f3n, te proporcionaremos la informaci\u00f3n sobre los distintos productos que respondan a ellas y te presentaremos las ofertas de las distintas Aseguradoras de las que somos agentes para que puedas seleccionar la mejor opci\u00f3n.<\/p>\n<p>Para la contrataci\u00f3n de otro tipo de seguro que requieras para t\u00ed o tu empresa, visita\u00a0<a href=\"http:\/\/proventum.com.mx\/\">www.proventum.com.mx<\/a><\/p>\n<link rel=\"stylesheet\" type=\"text\/css\" href=\"https:\/\/proventum.info\/forms\/css\/forms.css\"><script src=\"https:\/\/www.google.com\/recaptcha\/api.js\"><\/script><script src=\"https:\/\/ajax.googleapis.com\/ajax\/libs\/jquery\/2.1.1\/jquery.min.js\"><\/script><script type=\"text\/javascript\" src=\"https:\/\/proventum.info\/forms\/js\/origen.js\"><\/script><br> <form class=\"forms\" id=\"cotizacion_form\" method=\"POST\" action=\"https:\/\/seguroparapymes.com.mx\/productos\/enviar\/\" id=\"Cotizacion\"><div class=\"contenedor\"><div class=\"full-w\"><p>1.- SELECCIONA EL PRODUCTO DEL QUE SOLICITAS COTIZACI\u00d3N<\/p><select class=\"form-control form-control-lg\" name=\"Seguro\" required><option value=\"Seguro de Accidentes Personales Grupo\">Seguro de Accidentes Personales Grupo<\/option> <option value=\"Seguro de Gastos Medicos Mayores Grupo\">Seguro de Gastos M\u00e9dicos Mayores Grupo<\/option> <option value=\"Seguro para Pymes MAPFRE\">Seguro para Pymes MAPFRE<\/option> <option value=\"Seguro para Pymes AXA\">Seguro para Pymes AXA<\/option> <option value=\"Seguro para Pymes Zurich\">Seguro para Pymes Zurich<\/option> <option value=\"Seguro para Pymes ABA\">Seguro para Pymes ABA<\/option> <option value=\"Seguro de Vida Pymes Insignia Life\">Seguro de Vida Pymes Insignia Life<\/option> <option value=\"Seguro Pyme Consultorios Medicos\">Seguro Pyme Consultorios M\u00e9dicos<\/option> <option value=\"Seguro Pyme para Restaurantes\">Seguro Pyme para Restaurantes<\/option> <option value=\"Seguro Pyme para Gasolineras\">Seguro Pyme para Gasolineras<\/option> <option value=\"Seguro contra Fraudes Pymes AIG\">Seguro contra Fraudes Pymes AIG<\/option> <option value=\"Seguro AIG para Pymes\">Seguro AIG para Pymes<\/option> <option value=\"ARGOS Seguro de Vida Grupo\">ARGOS Seguro de Vida Grupo<\/option> <option value=\"Seguro GMX de Responsabilidad Civil\">Seguro GMX de Responsabilidad Civil<\/option> <option value=\"Seguro Pyme para Transporte\">Seguro Pyme para Transporte<\/option><option value=\"Otros\">Otros<\/option><\/select><\/div><div class=\"full-w\"> <p>2.- DATOS PARA CONTACTO<\/p> <div class=\"mitad-w\"> <input name=\"Nombre\" type=\"text\" class=\"form-control\" id=\"nombre\" placeholder=\"Nombre(s)\" required> <\/div> <div class=\"mitad-w\"> <input name=\"Apellidos\" type=\"text\" class=\"form-control\" id=\"Apellidos\" placeholder=\"Apellidos\" required> <\/div><\/div><div class=\"full-w\"> <div class=\"mitad-w\"> <input name=\"Direccion\" type=\"text\" class=\"form-control\" id=\"direccion\" placeholder=\"Direcci\u00f3n\" required> <\/div> <div class=\"mitad-w\"> <input name=\"Ciudad\" type=\"text\" class=\"form-control\" id=\"Ciudad\" placeholder=\"Ciudad Y Estado\" required> <\/div><\/div><div class=\"full-w\"> <div class=\"mitad-w\"> <input name=\"Tel\" type=\"text\" class=\"form-control\" id=\"Tel\" placeholder=\"Tel\u00e9fono Fijo\" required> <\/div> <div class=\"mitad-w\"> <input name=\"Movil\" type=\"text\" class=\"form-control\" id=\"Movil\" placeholder=\"Tel\u00e9fono M\u00f3vil\" required> <\/div> <div class=\"mitad-w\"> <input type=\"email\" class=\"form-control\" id=\"Email\" placeholder=\"Email\" name=\"Email\" required> <\/div><\/div><div class=\"full-w\"> <p>3.- DATOS DE LA EMPRESA<\/p> <div class=\"mitad-w\"> <input name=\"Empresa\" type=\"text\" class=\"form-control\" id=\"Empresa\" placeholder=\"Empresa\" required> <\/div> <div class=\"mitad-w\"> <input name=\"Actividad\" type=\"text\" class=\"form-control\" id=\"Actividad\" placeholder=\"Actividad\" required> <\/div><\/div> <div class=\"full-w\"> <p>4.- COMENTARIOS<\/p> <textarea class=\"text-a\" id=\"Comentarios\" contenedors=\"3\" name=\"Comentarios\"><\/textarea> <input type=\"hidden\" name=\"Origen\" id=\"Origen\" required readonly=\"readonly\"> <p>*Al enviar este formulario Usted acepta nuestra <a href=\"https:\/\/seguroderesponsabilidadcivil.com.mx\/politica-de-privacidad\/\" target=\"_blank\">POL\u00cdTICA DE PRIVACIDAD<\/a><\/p> <div class=\"g-recaptcha\" data-sitekey=\"6LfraQkTAAAAACYQ-IEM0qbYLmf47Ju7Nzho1Ns0\"><\/div> <input class=\"btn-lg btn btn-outline-danger\" type=\"submit\" name=\"Enviar Solicitud\"><\/input> <\/div><\/div><\/form>\n","protected":false},"excerpt":{"rendered":"<p>Seguro de Transporte para Pymes El Seguro de Transporte para Pymes brinda la debida protecci\u00f3n contra riesgos derivados de accidentes, aver\u00edas y actos delictivos a que est\u00e1n expuestos los embarques de mercanc\u00edas, durante su transporte en diversos medios de conducci\u00f3n&#8230; <a class=\"more-link\" href=\"https:\/\/seguroparapymes.com.mx\/productos\/seguro-de-transporte-para-pymes\/\">Seguir leyendo &rarr;<\/a><\/p>\n","protected":false},"author":1,"featured_media":75,"parent":0,"menu_order":0,"comment_status":"closed","ping_status":"closed","template":"template-nosidebar.php","meta":[],"yoast_head":"<!-- This site is optimized with the Yoast SEO plugin v15.6.2 - https:\/\/yoast.com\/wordpress\/plugins\/seo\/ -->\n<title>Seguro de Transporte para PYMES - Seguro Para Pymes<\/title>\n<meta name=\"description\" content=\"Conoce las caracter\u00edsticas del seguro de transporte para Pymes y cotiza y contrata a trav\u00e9s de Proventum Agente de Seguros y de Fianzas\" \/>\n<meta name=\"robots\" content=\"index, follow, max-snippet:-1, max-image-preview:large, max-video-preview:-1\" \/>\n<link rel=\"canonical\" href=\"https:\/\/seguroparapymes.com.mx\/productos\/seguro-de-transporte-para-pymes\/\" \/>\n<meta property=\"og:locale\" content=\"es_ES\" \/>\n<meta property=\"og:type\" content=\"article\" \/>\n<meta property=\"og:title\" content=\"Seguro de Transporte para PYMES - Seguro Para Pymes\" \/>\n<meta property=\"og:description\" content=\"Conoce las caracter\u00edsticas del seguro de transporte para Pymes y cotiza y contrata a trav\u00e9s de Proventum Agente de Seguros y de Fianzas\" \/>\n<meta property=\"og:url\" content=\"https:\/\/seguroparapymes.com.mx\/productos\/seguro-de-transporte-para-pymes\/\" \/>\n<meta property=\"og:site_name\" content=\"Seguro Para Pymes\" \/>\n<meta property=\"article:modified_time\" content=\"2020-09-07T23:28:31+00:00\" \/>\n<meta property=\"og:image\" content=\"https:\/\/seguroparapymes.com.mx\/productos\/wp-content\/uploads\/2020\/09\/Seguro-de-Transporte-para-pymes-opt.jpg\" \/>\n\t<meta property=\"og:image:width\" content=\"800\" \/>\n\t<meta property=\"og:image:height\" content=\"533\" \/>\n<meta name=\"twitter:card\" content=\"summary_large_image\" \/>\n<meta name=\"twitter:label1\" content=\"Tiempo de lectura\">\n\t<meta name=\"twitter:data1\" content=\"2 minutos\">\n<script type=\"application\/ld+json\" class=\"yoast-schema-graph\">{\"@context\":\"https:\/\/schema.org\",\"@graph\":[{\"@type\":\"WebSite\",\"@id\":\"https:\/\/seguroparapymes.com.mx\/productos\/#website\",\"url\":\"https:\/\/seguroparapymes.com.mx\/productos\/\",\"name\":\"Seguro Para Pymes\",\"description\":\"\",\"potentialAction\":[{\"@type\":\"SearchAction\",\"target\":\"https:\/\/seguroparapymes.com.mx\/productos\/?s={search_term_string}\",\"query-input\":\"required name=search_term_string\"}],\"inLanguage\":\"es\"},{\"@type\":\"ImageObject\",\"@id\":\"https:\/\/seguroparapymes.com.mx\/productos\/seguro-de-transporte-para-pymes\/#primaryimage\",\"inLanguage\":\"es\",\"url\":\"https:\/\/seguroparapymes.com.mx\/productos\/wp-content\/uploads\/2020\/09\/Seguro-de-Transporte-para-pymes-opt.jpg\",\"width\":800,\"height\":533,\"caption\":\"Seguro de Transporte para Pymes\"},{\"@type\":\"WebPage\",\"@id\":\"https:\/\/seguroparapymes.com.mx\/productos\/seguro-de-transporte-para-pymes\/#webpage\",\"url\":\"https:\/\/seguroparapymes.com.mx\/productos\/seguro-de-transporte-para-pymes\/\",\"name\":\"Seguro de Transporte para PYMES - Seguro Para Pymes\",\"isPartOf\":{\"@id\":\"https:\/\/seguroparapymes.com.mx\/productos\/#website\"},\"primaryImageOfPage\":{\"@id\":\"https:\/\/seguroparapymes.com.mx\/productos\/seguro-de-transporte-para-pymes\/#primaryimage\"},\"datePublished\":\"2020-09-03T22:48:30+00:00\",\"dateModified\":\"2020-09-07T23:28:31+00:00\",\"description\":\"Conoce las caracter\\u00edsticas del seguro de transporte para Pymes y cotiza y contrata a trav\\u00e9s de Proventum Agente de Seguros y de Fianzas\",\"inLanguage\":\"es\",\"potentialAction\":[{\"@type\":\"ReadAction\",\"target\":[\"https:\/\/seguroparapymes.com.mx\/productos\/seguro-de-transporte-para-pymes\/\"]}]}]}<\/script>\n<!-- \/ Yoast SEO plugin. -->","_links":{"self":[{"href":"https:\/\/seguroparapymes.com.mx\/productos\/wp-json\/wp\/v2\/pages\/39"}],"collection":[{"href":"https:\/\/seguroparapymes.com.mx\/productos\/wp-json\/wp\/v2\/pages"}],"about":[{"href":"https:\/\/seguroparapymes.com.mx\/productos\/wp-json\/wp\/v2\/types\/page"}],"author":[{"embeddable":true,"href":"https:\/\/seguroparapymes.com.mx\/productos\/wp-json\/wp\/v2\/users\/1"}],"replies":[{"embeddable":true,"href":"https:\/\/seguroparapymes.com.mx\/productos\/wp-json\/wp\/v2\/comments?post=39"}],"version-history":[{"count":7,"href":"https:\/\/seguroparapymes.com.mx\/productos\/wp-json\/wp\/v2\/pages\/39\/revisions"}],"predecessor-version":[{"id":168,"href":"https:\/\/seguroparapymes.com.mx\/productos\/wp-json\/wp\/v2\/pages\/39\/revisions\/168"}],"wp:featuredmedia":[{"embeddable":true,"href":"https:\/\/seguroparapymes.com.mx\/productos\/wp-json\/wp\/v2\/media\/75"}],"wp:attachment":[{"href":"https:\/\/seguroparapymes.com.mx\/productos\/wp-json\/wp\/v2\/media?parent=39"}],"curies":[{"name":"wp","href":"https:\/\/api.w.org\/{rel}","templated":true}]}}